{"id":53,"date":"2015-08-20T15:50:28","date_gmt":"2015-08-20T13:50:28","guid":{"rendered":"http:\/\/platzhalter.de-web.cc\/wordpress\/?page_id=53"},"modified":"2021-01-06T21:26:10","modified_gmt":"2021-01-06T20:26:10","slug":"inspiration","status":"publish","type":"page","link":"https:\/\/www.rezeitkon.de\/wordpress\/inspiration\/","title":{"rendered":"Inspiration"},"content":{"rendered":"<p>[et_pb_section fb_built=&#8220;1&#8243; custom_padding_last_edited=&#8220;on|desktop&#8220; _builder_version=&#8220;3.0.74&#8243; background_color=&#8220;#84bc41&#8243; custom_padding_tablet=&#8220;50px|0|50px|0&#8243; transparent_background=&#8220;off&#8220; padding_mobile=&#8220;off&#8220;][et_pb_row _builder_version=&#8220;3.0.48&#8243; background_size=&#8220;initial&#8220; background_position=&#8220;top_left&#8220; background_repeat=&#8220;repeat&#8220;][et_pb_column type=&#8220;4_4&#8243; _builder_version=&#8220;3.0.47&#8243; parallax=&#8220;off&#8220; parallax_method=&#8220;on&#8220;][et_pb_text _builder_version=&#8220;3.0.87&#8243; text_font=&#8220;|on|||&#8220; text_font_size=&#8220;18&#8243; background_size=&#8220;initial&#8220; background_position=&#8220;top_left&#8220; background_repeat=&#8220;repeat&#8220; background_layout=&#8220;dark&#8220; use_border_color=&#8220;off&#8220; border_color=&#8220;#ffffff&#8220; border_style=&#8220;solid&#8220;]<\/p>\n<p>\n<strong>Inspiration<\/strong><\/p>\n<p>[\/et_pb_text][\/et_pb_column][\/et_pb_row][\/et_pb_section][et_pb_section fb_built=&#8220;1&#8243; _builder_version=&#8220;3.0.47&#8243;][et_pb_row custom_padding=&#8220;30px|0px|30px|0px|false|false&#8220; _builder_version=&#8220;3.0.48&#8243; background_size=&#8220;initial&#8220; background_position=&#8220;top_left&#8220; background_repeat=&#8220;repeat&#8220;][et_pb_column type=&#8220;4_4&#8243; _builder_version=&#8220;3.0.47&#8243; parallax=&#8220;off&#8220; parallax_method=&#8220;on&#8220;][et_pb_image _builder_version=&#8220;3.0.87&#8243; animation_style=&#8220;slide&#8220; animation_direction=&#8220;left&#8220; animation_duration=&#8220;500ms&#8220; animation_intensity_slide=&#8220;10%&#8220; use_border_color=&#8220;off&#8220; border_color=&#8220;#ffffff&#8220; border_style=&#8220;solid&#8220; animation=&#8220;left&#8220; sticky=&#8220;off&#8220;][\/et_pb_image][et_pb_text _builder_version=&#8220;3.0.87&#8243; background_size=&#8220;initial&#8220; background_position=&#8220;top_left&#8220; background_repeat=&#8220;repeat&#8220; use_border_color=&#8220;off&#8220; border_color=&#8220;#ffffff&#8220; border_style=&#8220;solid&#8220;]<\/p>\n<p>\nWer sich noch tiefer mit dem Thema besch\u00e4ftigen m\u00f6chte, findet hier weiterf\u00fchrende Links.<\/p>\n<p>&nbsp;<\/p>\n<p>[\/et_pb_text][\/et_pb_column][\/et_pb_row][et_pb_row custom_padding=&#8220;30px|0px|0|0px|false|false&#8220; _builder_version=&#8220;3.0.48&#8243; background_size=&#8220;initial&#8220; background_position=&#8220;top_left&#8220; background_repeat=&#8220;repeat&#8220;][et_pb_column type=&#8220;1_3&#8243; _builder_version=&#8220;3.0.47&#8243; parallax=&#8220;off&#8220; parallax_method=&#8220;on&#8220;][et_pb_image src=&#8220;http:\/\/rezeitkon.de\/wordpress\/wp-content\/uploads\/2019\/01\/ZP_logo_130.gif&#8220; url=&#8220;http:\/\/www.zeitpolitik.de\/&#8220; url_new_window=&#8220;on&#8220; align=&#8220;center&#8220; _builder_version=&#8220;3.18.8&#8243; use_border_color=&#8220;off&#8220;][\/et_pb_image][et_pb_text _builder_version=&#8220;3.18.8&#8243; background_size=&#8220;initial&#8220; background_position=&#8220;top_left&#8220; background_repeat=&#8220;repeat&#8220; use_border_color=&#8220;off&#8220;]<\/p>\n<p><em><strong>Deutsche Gesellschaft f\u00fcr Zeitpolitik &#8211; <\/strong><\/em><br \/><em>Zeitpolitische Impulse, Veranstaltungen, Magazin, Publikationen und Netzwerk Zeitforschung<br \/><\/em><\/p>\n<p>[\/et_pb_text][et_pb_divider color=&#8220;#cccccc&#8220; divider_weight=&#8220;2&#8243; height=&#8220;3&#8243; disabled_on=&#8220;on|on|off&#8220; _builder_version=&#8220;3.2&#8243; hide_on_mobile=&#8220;on&#8220;][\/et_pb_divider][et_pb_image src=&#8220;https:\/\/res.cloudinary.com\/pim-red\/image\/upload\/q_auto,f_auto,w_580\/v1555329640\/oekom\/cover\/9783865817013_cmyk.jpg&#8220; url=&#8220;https:\/\/www.oekom.de\/buch\/zeit-fuer-nachhaltigkeit-zeiten-der-transformation-9783865817013?p=1&#8243; align=&#8220;center&#8220; _builder_version=&#8220;3.18.8&#8243; max_width=&#8220;71%&#8220;][\/et_pb_image][et_pb_text _builder_version=&#8220;3.18.8&#8243;]<\/p>\n<p><span id=\"productTitle\" class=\"a-size-large\"><strong>Zeit f\u00fcr Nachhaltigkeit &#8211; Zeiten der Transformation<\/strong> <em>&#8211; Mit Zeitpolitik gesellschaftliche Ver\u00e4nderungsprozesse steuern<\/em><br \/><\/span><\/p>\n<p>[\/et_pb_text][et_pb_divider color=&#8220;#cccccc&#8220; divider_weight=&#8220;2&#8243; height=&#8220;3&#8243; disabled_on=&#8220;on|on|off&#8220; _builder_version=&#8220;3.18.8&#8243; hide_on_mobile=&#8220;on&#8220;][\/et_pb_divider][et_pb_image src=&#8220;http:\/\/rezeitkon.de\/wordpress\/wp-content\/uploads\/2019\/01\/voew-logo.jpeg&#8220; url=&#8220;https:\/\/www.voew.de\/zeitpioniere.html&#8220; url_new_window=&#8220;on&#8220; _builder_version=&#8220;3.18.8&#8243; use_border_color=&#8220;off&#8220; locked=&#8220;off&#8220;][\/et_pb_image][et_pb_text _builder_version=&#8220;3.18.8&#8243; background_size=&#8220;initial&#8220; background_position=&#8220;top_left&#8220; background_repeat=&#8220;repeat&#8220; use_border_color=&#8220;off&#8220;]<\/p>\n<p><strong><em>Vereinigung f\u00fcr \u00f6kologische Wirtschaftsforschung (V\u00d6W) <\/em><\/strong><em>&#8211; <\/em><em>Arbeitsgemeinschaft Zeitpioniere f\u00fcr sozial-\u00f6kologische Arbeits- und Zeitforschung<\/em><\/p>\n<p>[\/et_pb_text][et_pb_divider color=&#8220;#cccccc&#8220; divider_weight=&#8220;2&#8243; height=&#8220;3&#8243; disabled_on=&#8220;on|on|off&#8220; _builder_version=&#8220;3.2&#8243; hide_on_mobile=&#8220;on&#8220;][\/et_pb_divider][et_pb_image src=&#8220;http:\/\/rezeitkon.de\/wordpress\/wp-content\/uploads\/2019\/01\/9783731611769_170.jpg&#8220; url=&#8220;https:\/\/www.metropolis-verlag.de\/Der-Rebound-Effekt\/1176\/book.do&#8220; url_new_window=&#8220;on&#8220; align=&#8220;center&#8220; _builder_version=&#8220;3.18.8&#8243; box_shadow_style=&#8220;preset2&#8243; use_border_color=&#8220;off&#8220;][\/et_pb_image][et_pb_text _builder_version=&#8220;3.18.8&#8243; background_size=&#8220;initial&#8220; background_position=&#8220;top_left&#8220; background_repeat=&#8220;repeat&#8220; use_border_color=&#8220;off&#8220;]<\/p>\n<p id=\"title\" class=\"a-size-large a-spacing-none\"><span id=\"productTitle\" class=\"a-size-large\"><strong>Der Rebound-Effekt<\/strong> &#8211; <em>\u00d6konomische, psychische und soziale Herausforderungen f\u00fcr die Entkopplung von Wirtschaftswachstum und Energieverbrauch<\/em> <\/span><\/p>\n<p>&nbsp;<\/p>\n<p>[\/et_pb_text][et_pb_divider color=&#8220;#cccccc&#8220; divider_weight=&#8220;2&#8243; height=&#8220;3&#8243; disabled_on=&#8220;on|on|off&#8220; _builder_version=&#8220;3.2&#8243; hide_on_mobile=&#8220;on&#8220;][\/et_pb_divider][et_pb_image src=&#8220;https:\/\/www.metropolis-verlag.de\/servlet\/cover\/978-3-7316-1405-0\/400\/&#8220; url=&#8220;https:\/\/www.metropolis-verlag.de\/Taetigsein-in-der-Postwachstumsgesellschaft\/1405\/book.do&#8220; _builder_version=&#8220;3.18.8&#8243; max_width=&#8220;60%&#8220; module_alignment=&#8220;center&#8220;][\/et_pb_image][et_pb_text _builder_version=&#8220;3.18.8&#8243;]<\/p>\n<p><span id=\"productTitle\" class=\"a-size-large\"><strong>T\u00e4tigsein in der Postwachstumsgesellschaft &#8211;\u00a0<\/strong><em><span itemprop=\"description\"> Wir brauchen eine Relativierung der Erwerbsarbeit, um uns aus der Abh\u00e4ngigkeit vom Wirtschaftswachstum l\u00f6sen und innerhalb der planetaren Grenzen wirtschaften zu k\u00f6nnen.<\/span><\/em> <em><\/em><\/span><span id=\"productTitle\" class=\"a-size-large\"><em><\/em><\/span><\/p>\n<p>[\/et_pb_text][et_pb_divider color=&#8220;#cccccc&#8220; divider_weight=&#8220;2&#8243; height=&#8220;3&#8243; disabled_on=&#8220;on|on|off&#8220; _builder_version=&#8220;3.18.8&#8243; hide_on_mobile=&#8220;on&#8220;][\/et_pb_divider][\/et_pb_column][et_pb_column type=&#8220;1_3&#8243; _builder_version=&#8220;3.0.47&#8243; parallax=&#8220;off&#8220; parallax_method=&#8220;on&#8220;][et_pb_image src=&#8220;https:\/\/res.cloudinary.com\/pim-red\/image\/upload\/q_auto,f_auto,w_580\/v1555329746\/oekom\/cover\/9783865817778_cmyk.jpg&#8220; url=&#8220;https:\/\/www.oekom.de\/buch\/wahrer-wohlstand-9783865817778?p=1&#8243; align=&#8220;center&#8220; _builder_version=&#8220;3.18.8&#8243; max_width=&#8220;67%&#8220;][\/et_pb_image][et_pb_text _builder_version=&#8220;3.18.8&#8243;]<\/p>\n<p><span id=\"productTitle\" class=\"a-size-large\"><strong>Wahrer Wohlstand<\/strong> &#8211; <em>Mit weniger Arbeit besser leben<\/em><\/span><span id=\"productTitle\" class=\"a-size-large\"><em><\/em><\/span><\/p>\n<p>[\/et_pb_text][et_pb_divider color=&#8220;#cccccc&#8220; divider_weight=&#8220;2&#8243; height=&#8220;3&#8243; disabled_on=&#8220;on|on|off&#8220; _builder_version=&#8220;3.18.8&#8243; hide_on_mobile=&#8220;on&#8220;][\/et_pb_divider][et_pb_image src=&#8220;http:\/\/rezeitkon.de\/wordpress\/wp-content\/uploads\/2019\/01\/KNOE-Logo.png&#8220; url=&#8220;https:\/\/konzeptwerk-neue-oekonomie.org\/themen\/zeitwohlstand\/&#8220; url_new_window=&#8220;on&#8220; _builder_version=&#8220;3.18.8&#8243; use_border_color=&#8220;off&#8220;][\/et_pb_image][et_pb_text _builder_version=&#8220;3.18.8&#8243; background_size=&#8220;initial&#8220; background_position=&#8220;top_left&#8220; background_repeat=&#8220;repeat&#8220; use_border_color=&#8220;off&#8220;]<\/p>\n<p><em><strong>Konzeptwerk Neue \u00d6konomie e.V.<\/strong> &#8211; Sammelband, Videos, Kolumnen zum Thema Zeitwohlstand<\/em><\/p>\n<p>[\/et_pb_text][et_pb_divider color=&#8220;#cccccc&#8220; divider_weight=&#8220;2&#8243; height=&#8220;3&#8243; disabled_on=&#8220;on|on|off&#8220; _builder_version=&#8220;3.2&#8243; hide_on_mobile=&#8220;on&#8220;][\/et_pb_divider][et_pb_image src=&#8220;http:\/\/rezeitkon.de\/wordpress\/wp-content\/uploads\/2019\/01\/978-3-451-06833-1_1500p.jpg&#8220; url=&#8220;https:\/\/www.herder.de\/leben-shop\/mehr-zeitwohlstand!-kartonierte-ausgabe\/c-28\/p-7882\/&#8220; url_new_window=&#8220;on&#8220; align=&#8220;center&#8220; _builder_version=&#8220;3.18.8&#8243; box_shadow_style=&#8220;preset2&#8243; max_width=&#8220;60%&#8220; use_border_color=&#8220;off&#8220;][\/et_pb_image][et_pb_text _builder_version=&#8220;3.18.8&#8243; background_size=&#8220;initial&#8220; background_position=&#8220;top_left&#8220; background_repeat=&#8220;repeat&#8220; use_border_color=&#8220;off&#8220;]<\/p>\n<p><strong>Mehr Zeitwohlstand! <\/strong>&#8211;<em> F\u00fcr den besseren Umgang mit einem knappen Gut<\/em><span id=\"productTitle\" class=\"a-size-large\"><\/span><\/p>\n<p>[\/et_pb_text][et_pb_divider color=&#8220;#cccccc&#8220; divider_weight=&#8220;2&#8243; height=&#8220;3&#8243; disabled_on=&#8220;on|on|off&#8220; _builder_version=&#8220;3.2&#8243; hide_on_mobile=&#8220;on&#8220;][\/et_pb_divider][et_pb_image src=&#8220;https:\/\/images.springer.com\/sgw\/books\/medium\/9783319151977.jpg&#8220; url=&#8220;https:\/\/www.springer.com\/de\/book\/9783319151977&#8243; align=&#8220;center&#8220; _builder_version=&#8220;3.18.8&#8243;][\/et_pb_image][et_pb_text _builder_version=&#8220;3.18.8&#8243;]<\/p>\n<p><span class=\"a-size-large\"><strong>Time Policies for a Sustainable Society<\/strong> <em>&#8211; <span id=\"productTitle\" class=\"a-size-large\">Analyzes time use, time policy, well-being and sustainable development<\/span><\/em><\/span><\/p>\n<p>[\/et_pb_text][et_pb_divider color=&#8220;#cccccc&#8220; divider_weight=&#8220;2&#8243; height=&#8220;3&#8243; disabled_on=&#8220;on|on|off&#8220; _builder_version=&#8220;3.18.8&#8243; hide_on_mobile=&#8220;on&#8220;][\/et_pb_divider][et_pb_image src=&#8220;https:\/\/images-na.ssl-images-amazon.com\/images\/I\/41-Cu0SD2KL._SX311_BO1,204,203,200_.jpg&#8220; url=&#8220;https:\/\/www.amazon.com\/Time-Our-Side-Shorter-Working\/dp\/1908506393&#8243; align=&#8220;center&#8220; _builder_version=&#8220;3.18.8&#8243; max_width=&#8220;60%&#8220;][\/et_pb_image][et_pb_text _builder_version=&#8220;3.18.8&#8243; link_option_url=&#8220;https:\/\/www.amazon.com\/Time-Our-Side-Shorter-Working\/dp\/1908506393&#8243;]<\/p>\n<p><span class=\"a-size-large\"><strong>Time on our side<\/strong> <em>&#8211; <span id=\"productTitle\" class=\"a-size-large\">Why we all need a shorter working week<br \/><\/span><\/em><\/span><\/p>\n<p>[\/et_pb_text][et_pb_divider color=&#8220;#cccccc&#8220; divider_weight=&#8220;2&#8243; height=&#8220;3&#8243; disabled_on=&#8220;on|on|off&#8220; _builder_version=&#8220;3.18.8&#8243; hide_on_mobile=&#8220;on&#8220;][\/et_pb_divider][\/et_pb_column][et_pb_column type=&#8220;1_3&#8243; _builder_version=&#8220;3.0.47&#8243; parallax=&#8220;off&#8220; parallax_method=&#8220;on&#8220;][et_pb_image src=&#8220;http:\/\/rezeitkon.de\/wordpress\/wp-content\/uploads\/2019\/01\/cde_Logo_neu.jpg&#8220; url=&#8220;http:\/\/www.zeitwohlstand.unibe.ch\/&#8220; url_new_window=&#8220;on&#8220; align=&#8220;center&#8220; _builder_version=&#8220;3.18.8&#8243; use_border_color=&#8220;off&#8220;][\/et_pb_image][et_pb_text _builder_version=&#8220;3.18.8&#8243; background_size=&#8220;initial&#8220; background_position=&#8220;top_left&#8220; background_repeat=&#8220;repeat&#8220; use_border_color=&#8220;off&#8220;]<\/p>\n<p><em><strong>Universit\u00e4t Bern <\/strong>&#8211;<\/em><br \/><em>Forschungsprojekt \u201eZeit als neuer Wohlstand: Reduktion der Erwerbsarbeit zur F\u00f6rderung suffizienter Lebensstile?&#8220;<\/em><\/p>\n<p>[\/et_pb_text][et_pb_divider color=&#8220;#cccccc&#8220; divider_weight=&#8220;2&#8243; height=&#8220;3&#8243; disabled_on=&#8220;on|on|off&#8220; _builder_version=&#8220;3.18.8&#8243; hide_on_mobile=&#8220;on&#8220;][\/et_pb_divider][et_pb_image src=&#8220;https:\/\/www.dampfboot-verlag.de\/pictures\/1\/buecher\/759-1.gif&#8220; url=&#8220;https:\/\/www.dampfboot-verlag.de\/shop\/artikel\/geordnete-zeiten-?print=1&#8243; align=&#8220;center&#8220; _builder_version=&#8220;3.18.8&#8243;][\/et_pb_image][et_pb_text _builder_version=&#8220;3.18.8&#8243; background_size=&#8220;initial&#8220; background_position=&#8220;top_left&#8220; background_repeat=&#8220;repeat&#8220; use_border_color=&#8220;off&#8220; inline_fonts=&#8220;Times New Roman,Arial&#8220;]<\/p>\n<p><span id=\"productTitle\" class=\"a-size-large\"><strong>Geordnete Zeiten?<\/strong> &#8211; <em>Grundlagen <\/em><\/span><span id=\"productTitle\" class=\"a-size-large\"><em>einer integrativen Zeittheorie<\/em><\/span><\/p>\n<p>[\/et_pb_text][et_pb_divider color=&#8220;#cccccc&#8220; divider_weight=&#8220;2&#8243; height=&#8220;3&#8243; disabled_on=&#8220;on|on|off&#8220; _builder_version=&#8220;3.2&#8243; hide_on_mobile=&#8220;on&#8220;][\/et_pb_divider][et_pb_image src=&#8220;http:\/\/rezeitkon.de\/wordpress\/wp-content\/uploads\/2019\/01\/csm_Titel_Reheis_Resonanz_rgb_648Pixhoch_a0c3737d24_a92d0b62d0.png&#8220; url=&#8220;https:\/\/www.oekom.de\/nc\/buecher\/vorschau\/buch\/die-resonanzstrategie.html&#8220; url_new_window=&#8220;on&#8220; align=&#8220;center&#8220; _builder_version=&#8220;3.18.8&#8243; use_border_color=&#8220;off&#8220;][\/et_pb_image][et_pb_text _builder_version=&#8220;3.18.8&#8243; background_size=&#8220;initial&#8220; background_position=&#8220;top_left&#8220; background_repeat=&#8220;repeat&#8220; use_border_color=&#8220;off&#8220;]<\/p>\n<div class=\"oetitle\"><strong>Die Resonanzstrategie<\/strong> &#8211; <em>Warum wir Nachhaltigkeit neu denken m\u00fcssen<\/em><\/div>\n<p>&nbsp;<\/p>\n<p>[\/et_pb_text][et_pb_divider color=&#8220;#cccccc&#8220; divider_weight=&#8220;2&#8243; height=&#8220;3&#8243; disabled_on=&#8220;on|on|off&#8220; _builder_version=&#8220;3.2&#8243; hide_on_mobile=&#8220;on&#8220;][\/et_pb_divider][et_pb_image src=&#8220;http:\/\/rezeitkon.de\/wordpress\/wp-content\/uploads\/2019\/01\/31hwc-OLC0L._SX335_BO1204203200_.jpg&#8220; url=&#8220;https:\/\/www.nomos-shop.de\/Buhl-Rebound-Effekte-Steigerungsspiel\/productview.aspx?product=27182&#038;pac=weco&#8220; url_new_window=&#8220;on&#8220; align=&#8220;center&#8220; _builder_version=&#8220;3.18.8&#8243; box_shadow_style=&#8220;preset2&#8243; max_width=&#8220;60%&#8220; use_border_color=&#8220;off&#8220;][\/et_pb_image][et_pb_text _builder_version=&#8220;3.18.8&#8243; background_size=&#8220;initial&#8220; background_position=&#8220;top_left&#8220; background_repeat=&#8220;repeat&#8220; use_border_color=&#8220;off&#8220;]<\/p>\n<div class=\"oetitle\">\n<p id=\"title\" class=\"a-size-large a-spacing-none\"><span id=\"productTitle\" class=\"a-size-large\"><strong>Rebound-Effekte im Steigerungsspiel<\/strong> &#8211; <em>Zeit- und Einkommenseffekte in Deutschland<\/em><\/span><\/p>\n<p><em> <\/em><\/div>\n<p>[\/et_pb_text][et_pb_divider color=&#8220;#cccccc&#8220; divider_weight=&#8220;2&#8243; height=&#8220;3&#8243; disabled_on=&#8220;on|on|off&#8220; _builder_version=&#8220;3.18.8&#8243; hide_on_mobile=&#8220;on&#8220;][\/et_pb_divider][et_pb_image src=&#8220;http:\/\/rezeitkon.de\/wordpress\/wp-content\/uploads\/2019\/01\/momo3.png&#8220; url=&#8220;http:\/\/www.michaelende.de\/momo&#8220; url_new_window=&#8220;on&#8220; _builder_version=&#8220;3.18.8&#8243; use_border_color=&#8220;off&#8220;][\/et_pb_image][et_pb_text _builder_version=&#8220;3.18.8&#8243; background_size=&#8220;initial&#8220; background_position=&#8220;top_left&#8220; background_repeat=&#8220;repeat&#8220; use_border_color=&#8220;off&#8220;]<\/p>\n<p><strong><em>Momo <\/em><\/strong><em>&#8211;\u00a0<\/em><i>Die seltsame Geschichte von den Zeit-Dieben und von dem Kind, das den Menschen die gestohlene Zeit zur\u00fcckbrachte<\/i><\/p>\n<p>[\/et_pb_text][et_pb_divider color=&#8220;#cccccc&#8220; divider_weight=&#8220;2&#8243; height=&#8220;3&#8243; disabled_on=&#8220;on|on|off&#8220; _builder_version=&#8220;3.2&#8243; hide_on_mobile=&#8220;on&#8220;][\/et_pb_divider][\/et_pb_column][\/et_pb_row][\/et_pb_section][et_pb_section fb_built=&#8220;1&#8243; fullwidth=&#8220;on&#8220; _builder_version=&#8220;3.0.47&#8243;][et_pb_fullwidth_header _builder_version=&#8220;3.16&#8243; background_color=&#8220;rgba(255, 255, 255, 0)&#8220; background_layout=&#8220;light&#8220; button_one_letter_spacing_hover=&#8220;0&#8243; button_two_letter_spacing_hover=&#8220;0&#8243; button_one_text_size__hover_enabled=&#8220;off&#8220; button_one_text_size__hover=&#8220;null&#8220; button_two_text_size__hover_enabled=&#8220;off&#8220; button_two_text_size__hover=&#8220;null&#8220; button_one_text_color__hover_enabled=&#8220;off&#8220; button_one_text_color__hover=&#8220;null&#8220; button_two_text_color__hover_enabled=&#8220;off&#8220; button_two_text_color__hover=&#8220;null&#8220; button_one_border_width__hover_enabled=&#8220;off&#8220; button_one_border_width__hover=&#8220;null&#8220; button_two_border_width__hover_enabled=&#8220;off&#8220; button_two_border_width__hover=&#8220;null&#8220; button_one_border_color__hover_enabled=&#8220;off&#8220; button_one_border_color__hover=&#8220;null&#8220; button_two_border_color__hover_enabled=&#8220;off&#8220; button_two_border_color__hover=&#8220;null&#8220; button_one_border_radius__hover_enabled=&#8220;off&#8220; button_one_border_radius__hover=&#8220;null&#8220; button_two_border_radius__hover_enabled=&#8220;off&#8220; button_two_border_radius__hover=&#8220;null&#8220; button_one_letter_spacing__hover_enabled=&#8220;on&#8220; button_one_letter_spacing__hover=&#8220;0&#8243; button_two_letter_spacing__hover_enabled=&#8220;on&#8220; button_two_letter_spacing__hover=&#8220;0&#8243; button_one_bg_color__hover_enabled=&#8220;off&#8220; button_one_bg_color__hover=&#8220;null&#8220; button_two_bg_color__hover_enabled=&#8220;off&#8220; button_two_bg_color__hover=&#8220;null&#8220;][\/et_pb_fullwidth_header][\/et_pb_section][et_pb_section fb_built=&#8220;1&#8243; custom_padding_last_edited=&#8220;on|desktop&#8220; _builder_version=&#8220;3.0.74&#8243; custom_padding_tablet=&#8220;50px|0|50px|0&#8243; transparent_background=&#8220;off&#8220; padding_mobile=&#8220;off&#8220;][et_pb_row custom_padding=&#8220;30px|0px|0|0px|false|false&#8220; _builder_version=&#8220;3.0.48&#8243; background_size=&#8220;initial&#8220; background_position=&#8220;top_left&#8220; background_repeat=&#8220;repeat&#8220;][et_pb_column type=&#8220;1_4&#8243; _builder_version=&#8220;3.0.47&#8243; parallax=&#8220;off&#8220; parallax_method=&#8220;on&#8220;][et_pb_text _builder_version=&#8220;3.0.87&#8243; background_size=&#8220;initial&#8220; background_position=&#8220;top_left&#8220; background_repeat=&#8220;repeat&#8220; text_orientation=&#8220;right&#8220; use_border_color=&#8220;off&#8220; border_color=&#8220;#ffffff&#8220; border_style=&#8220;solid&#8220;]<\/p>\n<p style=\"text-align: center;\"><strong>Gef\u00f6rdert durch:<\/strong><\/p>\n<p>[\/et_pb_text][\/et_pb_column][et_pb_column type=&#8220;1_4&#8243; _builder_version=&#8220;3.0.47&#8243; parallax=&#8220;off&#8220; parallax_method=&#8220;on&#8220;][et_pb_image src=&#8220;http:\/\/platzhalter.de-web.cc\/wordpress\/wp-content\/uploads\/2015\/08\/BMBF_Binka-e1442826870677.png&#8220; url=&#8220;http:\/\/www.bmbf.de\/&#8220; url_new_window=&#8220;on&#8220; align=&#8220;right&#8220; _builder_version=&#8220;3.0.87&#8243; use_border_color=&#8220;off&#8220; border_color=&#8220;#ffffff&#8220; border_style=&#8220;solid&#8220; animation=&#8220;off&#8220; sticky=&#8220;off&#8220;]<br \/>\n[\/et_pb_image][\/et_pb_column][et_pb_column type=&#8220;1_4&#8243; _builder_version=&#8220;3.0.47&#8243; parallax=&#8220;off&#8220; parallax_method=&#8220;on&#8220;][et_pb_image src=&#8220;http:\/\/www.rezeitkon.de\/wordpress\/wp-content\/uploads\/2021\/01\/FONA-Sozial-o\u0308kologische-Forschung-4C.jpg&#8220; url=&#8220;http:\/\/www.fona.de&#8220; url_new_window=&#8220;on&#8220; _builder_version=&#8220;3.18.8&#8243; use_border_color=&#8220;off&#8220; border_color=&#8220;#ffffff&#8220; border_style=&#8220;solid&#8220; animation=&#8220;off&#8220; sticky=&#8220;off&#8220;]<br \/>\n[\/et_pb_image][\/et_pb_column][et_pb_column type=&#8220;1_4&#8243; _builder_version=&#8220;3.0.47&#8243; parallax=&#8220;off&#8220; parallax_method=&#8220;on&#8220;][\/et_pb_column][\/et_pb_row][\/et_pb_section]<\/p>\n","protected":false},"excerpt":{"rendered":"<p>[et_pb_section fb_built=&#8220;1&#8243; custom_padding_last_edited=&#8220;on|desktop&#8220; _builder_version=&#8220;3.0.74&#8243; background_color=&#8220;#84bc41&#8243; custom_padding_tablet=&#8220;50px|0|50px|0&#8243; transparent_background=&#8220;off&#8220; padding_mobile=&#8220;off&#8220;][et_pb_row _builder_version=&#8220;3.0.48&#8243; background_size=&#8220;initial&#8220; background_position=&#8220;top_left&#8220; background_repeat=&#8220;repeat&#8220;][et_pb_column type=&#8220;4_4&#8243; _builder_version=&#8220;3.0.47&#8243; parallax=&#8220;off&#8220; parallax_method=&#8220;on&#8220;][et_pb_text _builder_version=&#8220;3.0.87&#8243; text_font=&#8220;|on|||&#8220; text_font_size=&#8220;18&#8243; background_size=&#8220;initial&#8220; background_position=&#8220;top_left&#8220; background_repeat=&#8220;repeat&#8220; background_layout=&#8220;dark&#8220; use_border_color=&#8220;off&#8220; border_color=&#8220;#ffffff&#8220; border_style=&#8220;solid&#8220;] Inspiration [\/et_pb_text][\/et_pb_column][\/et_pb_row][\/et_pb_section][et_pb_section fb_built=&#8220;1&#8243; _builder_version=&#8220;3.0.47&#8243;][et_pb_row custom_padding=&#8220;30px|0px|30px|0px|false|false&#8220; _builder_version=&#8220;3.0.48&#8243; background_size=&#8220;initial&#8220; background_position=&#8220;top_left&#8220; background_repeat=&#8220;repeat&#8220;][et_pb_column type=&#8220;4_4&#8243; _builder_version=&#8220;3.0.47&#8243; parallax=&#8220;off&#8220; parallax_method=&#8220;on&#8220;][et_pb_image _builder_version=&#8220;3.0.87&#8243; animation_style=&#8220;slide&#8220; animation_direction=&#8220;left&#8220; animation_duration=&#8220;500ms&#8220; animation_intensity_slide=&#8220;10%&#8220; use_border_color=&#8220;off&#8220; border_color=&#8220;#ffffff&#8220; border_style=&#8220;solid&#8220; animation=&#8220;left&#8220; sticky=&#8220;off&#8220;][\/et_pb_image][et_pb_text _builder_version=&#8220;3.0.87&#8243; background_size=&#8220;initial&#8220; background_position=&#8220;top_left&#8220; background_repeat=&#8220;repeat&#8220; use_border_color=&#8220;off&#8220; border_color=&#8220;#ffffff&#8220; [&hellip;]<\/p>\n","protected":false},"author":1,"featured_media":0,"parent":0,"menu_order":0,"comment_status":"closed","ping_status":"closed","template":"","meta":{"_et_pb_use_builder":"on","_et_pb_old_content":""},"_links":{"self":[{"href":"https:\/\/www.rezeitkon.de\/wordpress\/wp-json\/wp\/v2\/pages\/53"}],"collection":[{"href":"https:\/\/www.rezeitkon.de\/wordpress\/wp-json\/wp\/v2\/pages"}],"about":[{"href":"https:\/\/www.rezeitkon.de\/wordpress\/wp-json\/wp\/v2\/types\/page"}],"author":[{"embeddable":true,"href":"https:\/\/www.rezeitkon.de\/wordpress\/wp-json\/wp\/v2\/users\/1"}],"replies":[{"embeddable":true,"href":"https:\/\/www.rezeitkon.de\/wordpress\/wp-json\/wp\/v2\/comments?post=53"}],"version-history":[{"count":66,"href":"https:\/\/www.rezeitkon.de\/wordpress\/wp-json\/wp\/v2\/pages\/53\/revisions"}],"predecessor-version":[{"id":3062,"href":"https:\/\/www.rezeitkon.de\/wordpress\/wp-json\/wp\/v2\/pages\/53\/revisions\/3062"}],"wp:attachment":[{"href":"https:\/\/www.rezeitkon.de\/wordpress\/wp-json\/wp\/v2\/media?parent=53"}],"curies":[{"name":"wp","href":"https:\/\/api.w.org\/{rel}","templated":true}]}}