{"id":429,"date":"2015-09-24T13:49:14","date_gmt":"2015-09-24T11:49:14","guid":{"rendered":"http:\/\/platzhalter.de-web.cc\/wordpress\/?page_id=429"},"modified":"2021-06-24T14:29:12","modified_gmt":"2021-06-24T12:29:12","slug":"hintergrund","status":"publish","type":"page","link":"https:\/\/www.rezeitkon.de\/wordpress\/hintergrund\/","title":{"rendered":"Hintergrund"},"content":{"rendered":"<p>[et_pb_section fb_built=&#8220;1&#8243; make_fullwidth=&#8220;on&#8220; make_equal=&#8220;on&#8220; custom_padding_last_edited=&#8220;on|desktop&#8220; admin_label=&#8220;section&#8220; module_class=&#8220;binka_header&#8220; _builder_version=&#8220;3.0.74&#8243; background_color=&#8220;#84bc41&#8243; custom_padding_tablet=&#8220;50px|0|50px|0&#8243; transparent_background=&#8220;off&#8220; padding_mobile=&#8220;off&#8220;][et_pb_row make_fullwidth=&#8220;on&#8220; padding_mobile=&#8220;off&#8220; make_equal=&#8220;on&#8220; admin_label=&#8220;row&#8220; _builder_version=&#8220;3.0.47&#8243; background_size=&#8220;initial&#8220; background_position=&#8220;top_left&#8220; background_repeat=&#8220;repeat&#8220;][et_pb_column type=&#8220;4_4&#8243; _builder_version=&#8220;3.0.47&#8243; parallax=&#8220;off&#8220; parallax_method=&#8220;on&#8220;][et_pb_text _builder_version=&#8220;3.18.8&#8243; background_size=&#8220;initial&#8220; background_position=&#8220;top_left&#8220; background_repeat=&#8220;repeat&#8220; use_border_color=&#8220;off&#8220; border_color=&#8220;#ffffff&#8220; border_style=&#8220;solid&#8220;]<\/p>\n<h4><strong><span style=\"color: #ffffff;\">Hintergrund<\/span><\/strong><\/h4>\n<p>[\/et_pb_text][\/et_pb_column][\/et_pb_row][\/et_pb_section][et_pb_section fb_built=&#8220;1&#8243; admin_label=&#8220;section&#8220; _builder_version=&#8220;3.18.8&#8243;][et_pb_row custom_padding=&#8220;30px|0px|6px|0px|false|false&#8220; admin_label=&#8220;row&#8220; _builder_version=&#8220;3.18.8&#8243; background_size=&#8220;initial&#8220; background_position=&#8220;top_left&#8220; background_repeat=&#8220;repeat&#8220;][et_pb_column type=&#8220;4_4&#8243; _builder_version=&#8220;3.0.47&#8243; parallax=&#8220;off&#8220; parallax_method=&#8220;on&#8220;][et_pb_text _builder_version=&#8220;3.18.8&#8243; background_size=&#8220;initial&#8220; background_position=&#8220;top_left&#8220; background_repeat=&#8220;repeat&#8220; use_border_color=&#8220;off&#8220;]<\/p>\n<p><strong>Projekthintergrund<\/strong><\/p>\n<p>&nbsp;<\/p>\n<div class=\"csc-text\">\n<p>Hinter dem Einsatz effizienter Techniken und Praktiken in Arbeitswelt und Privatleben steht meistens die Erwartung, Zeit einzusparen. Trotzdem bleibt oft das Gef\u00fchl, immer weniger Zeit zur Verf\u00fcgung zu haben. Ein Grund ist, dass mehr T\u00e4tigkeiten in immer k\u00fcrzerer Zeit und schneller wechselnder Abfolge erledigt werden. Der Einsatz \u201ezeitsparender\u201c Techniken und Praktiken hat also oft die paradoxe Wirkung, Zeitnot zu erh\u00f6hen. Ein solcher Zeit-Rebound-Effekt kann sich wiederum negativ auf die Umwelt auswirken: Ist die Zeit knapp, werden schnelle, aber ressourcenintensive Konsumangebote wie Fast Food und Inlandsfl\u00fcge attraktiver. Zus\u00e4tzlich belohnen sich viele Menschen mit dem Kauf von Konsumg\u00fctern, um einen Ausgleich zum dichten und belastenden Alltag zu finden. F\u00fcr die eigentliche Nutzung dieser Dinge fehlt dann wiederum oft die Zeit. Die ungelesenen B\u00fccher oder ungenutzten Fitnessger\u00e4te k\u00f6nnen die erlebte Zeitnot sogar noch weiter erh\u00f6hen, indem sie uns als ungenutzte M\u00f6glichkeiten latent unter Druck setzen. Um sich diese G\u00fcter leisten zu k\u00f6nnen, ist ein gewisses Ausma\u00df an Erwerbsarbeit notwendig: eine Beschleunigungsspirale wird in Gang gesetzt. Allerdings k\u00f6nnen negative Umwelteffekte auch als Folge von zus\u00e4tzlicher freier Zeit auftreten, z.B. wenn Arbeitszeitverk\u00fcrzungen f\u00fcr ressourcenintensive Hobbies wie das Reisen genutzt werden. Vor diesem Hintergrund stellt sich die Frage, welche Rahmenbedingungen und Kompetenzen notwendig sind, damit sich Zeitwohlstand in nachhaltige Lebensweisen \u00fcbersetzt.<\/p>\n<\/div>\n<p>[\/et_pb_text][\/et_pb_column][\/et_pb_row][\/et_pb_section][et_pb_section fb_built=&#8220;1&#8243; _builder_version=&#8220;3.18.8&#8243;][et_pb_row custom_padding=&#8220;15px|0px|7px|0px|false|false&#8220; _builder_version=&#8220;3.0.48&#8243; background_size=&#8220;initial&#8220; background_position=&#8220;top_left&#8220; background_repeat=&#8220;repeat&#8220;][et_pb_column type=&#8220;4_4&#8243; _builder_version=&#8220;3.0.47&#8243; parallax=&#8220;off&#8220; parallax_method=&#8220;on&#8220;][et_pb_divider _builder_version=&#8220;3.18.8&#8243;][\/et_pb_divider][\/et_pb_column][\/et_pb_row][\/et_pb_section][et_pb_section fb_built=&#8220;1&#8243; admin_label=&#8220;section&#8220; _builder_version=&#8220;3.0.47&#8243;][et_pb_row admin_label=&#8220;row&#8220; _builder_version=&#8220;3.18.8&#8243; background_size=&#8220;initial&#8220; background_position=&#8220;top_left&#8220; background_repeat=&#8220;repeat&#8220; custom_padding=&#8220;1px|0px|4px|0px|false|false&#8220;][et_pb_column type=&#8220;4_4&#8243; _builder_version=&#8220;3.0.47&#8243; parallax=&#8220;off&#8220; parallax_method=&#8220;on&#8220;][et_pb_text _builder_version=&#8220;3.18.8&#8243; background_size=&#8220;initial&#8220; background_position=&#8220;top_left&#8220; background_repeat=&#8220;repeat&#8220; use_border_color=&#8220;off&#8220;]<\/p>\n<p><strong>Projektziele<\/strong><\/p>\n<p>Im ReZeitKon-Projekt soll die Bedeutung von Zeit-Rebound-Effekten infolge zeitsparender Techniken und Praktiken empirisch untersucht werden. Daf\u00fcr entwickeln wir zun\u00e4chst Methoden, um Aspekte wie Zeitnot und Zeitwohlstand empirisch messen zu k\u00f6nnen. Aus den Ergebnissen leiten wir ein Simulationsmodell ab, das es erlaubt, die Umweltwirkungen des Konsums jeweils unter den Bedingungen von Zeitnot und Zeitwohlstand zu quantifizieren.<\/p>\n<p>In drei Interventionsbereichen erarbeiten wir gemeinsam mit unseren Praxispartnern Ma\u00dfnahmen, die Zeit-Rebound-Effekten entgegenwirken und so Zeitwohlstand sowie Umweltentlastung f\u00f6rdern sollen.<\/p>\n<p>Mit Schulen entwickeln wir ein Bildungsangebot zu Zeitnutzungskompetenz, das F\u00e4higkeiten zu nachhaltigem Konsum st\u00e4rken soll. Gemeinsam mit Unternehmen entwickeln und evaluieren wir zeitpolitische Innovationen, die darauf abzielen, den Zeitwohlstand der Mitarbeitenden zu erh\u00f6hen.<\/p>\n<p>Im Bereich Privatleben evaluieren wir Kurse der Erwachsenenbildung mit Zeitbezug. Schlie\u00dflich sollen Ratgeber zu Zeit und Nachhaltigkeit entstehen, die auf Basis unserer Ergebnisse M\u00f6glichkeiten zur St\u00e4rkung der eigenen Zeitkompetenz im Privatleben und zu betrieblicher Zeitpolitik aufzeigen.<\/p>\n<p>[\/et_pb_text][\/et_pb_column][\/et_pb_row][\/et_pb_section][et_pb_section fb_built=&#8220;1&#8243; admin_label=&#8220;section&#8220; _builder_version=&#8220;3.18.8&#8243;][et_pb_row custom_padding=&#8220;15px|0px|30px|0px|false|false&#8220; admin_label=&#8220;row&#8220; _builder_version=&#8220;3.0.47&#8243; background_size=&#8220;initial&#8220; background_position=&#8220;top_left&#8220; background_repeat=&#8220;repeat&#8220;][et_pb_column type=&#8220;4_4&#8243; _builder_version=&#8220;3.0.47&#8243; parallax=&#8220;off&#8220; parallax_method=&#8220;on&#8220;][et_pb_divider _builder_version=&#8220;3.18.8&#8243;][\/et_pb_divider][\/et_pb_column][\/et_pb_row][\/et_pb_section][et_pb_section fb_built=&#8220;1&#8243; _builder_version=&#8220;3.0.47&#8243;][et_pb_row _builder_version=&#8220;3.0.48&#8243; background_size=&#8220;initial&#8220; background_position=&#8220;top_left&#8220; background_repeat=&#8220;repeat&#8220; custom_padding=&#8220;7px|0px|17px|0px|false|false&#8220;][et_pb_column type=&#8220;4_4&#8243; _builder_version=&#8220;3.0.47&#8243; parallax=&#8220;off&#8220; parallax_method=&#8220;on&#8220;][et_pb_image src=&#8220;http:\/\/rezeitkon.de\/wordpress\/wp-content\/uploads\/2019\/01\/Grafik_Arbeitsfelder_und_Arbeitspakete.png&#8220; align=&#8220;center&#8220; _builder_version=&#8220;3.18.8&#8243; max_width=&#8220;70%&#8220;][\/et_pb_image][\/et_pb_column][\/et_pb_row][\/et_pb_section][et_pb_section fb_built=&#8220;1&#8243; _builder_version=&#8220;3.0.47&#8243;][et_pb_row custom_padding=&#8220;13px|0px|0|0px|false|false&#8220; _builder_version=&#8220;3.0.48&#8243; background_size=&#8220;initial&#8220; background_position=&#8220;top_left&#8220; background_repeat=&#8220;repeat&#8220;][et_pb_column type=&#8220;4_4&#8243; _builder_version=&#8220;3.0.47&#8243; parallax=&#8220;off&#8220; parallax_method=&#8220;on&#8220;][et_pb_divider _builder_version=&#8220;3.18.8&#8243;][\/et_pb_divider][\/et_pb_column][\/et_pb_row][\/et_pb_section][et_pb_section fb_built=&#8220;1&#8243; admin_label=&#8220;section&#8220; _builder_version=&#8220;3.0.47&#8243;][et_pb_row custom_padding=&#8220;0|0px|12px|0px|false|false&#8220; admin_label=&#8220;row&#8220; _builder_version=&#8220;3.18.8&#8243; background_size=&#8220;initial&#8220; background_position=&#8220;top_left&#8220; background_repeat=&#8220;repeat&#8220;][et_pb_column type=&#8220;4_4&#8243; _builder_version=&#8220;3.0.47&#8243; parallax=&#8220;off&#8220; parallax_method=&#8220;on&#8220;][et_pb_text _builder_version=&#8220;3.18.8&#8243; background_size=&#8220;initial&#8220; background_position=&#8220;top_left&#8220; background_repeat=&#8220;repeat&#8220; use_border_color=&#8220;off&#8220;]<\/p>\n<p><strong>Methode<\/strong><\/p>\n<p>Der Zusammenhang zwischen den zentralen Konstrukten Zeit-Rebound-Effekt, Zeitwohlstand und Nachhaltigkeit des Konsums wird im Projekt mit Hilfe einer ersten umfassenden deutschlandweiten Repr\u00e4sentativerhebung zum Thema empirisch \u00fcberpr\u00fcft. Zusammen mit innovativen Praxispartnern werden im Projekt partizipativ Ma\u00dfnahmen entwickelt, die zu einer St\u00e4rkung des Zeitwohlstands und einer Reduktion von Zeit-Rebound-Effekten beitragen. Die Ma\u00dfnahmen sollen sowohl bei der objektiven Zeitverwendung als auch bei der subjektiven Zeitwahrnehmung ansetzen. Dabei setzen wir die im Kontext der Repr\u00e4sentativbefragung entwickelten Messinstrumente in allen drei Interventionsbereichen zur Untersuchung von Determinanten und Effekten von Zeitwohlstand ein. Im Sinne eines Mixed-Method-Ansatzes wird diese quantitative Evaluation in den Fallstudien mit Praxispartnern um qualitative Befragungen erg\u00e4nzt, die ein vertieftes Verst\u00e4ndnis der identifizierten Zusammenh\u00e4nge erlauben.<\/p>\n<p>[\/et_pb_text][\/et_pb_column][\/et_pb_row][\/et_pb_section][et_pb_section fb_built=&#8220;1&#8243; admin_label=&#8220;section&#8220; _builder_version=&#8220;3.0.47&#8243;][et_pb_row custom_padding=&#8220;0|0px|10px|0px|false|false&#8220; admin_label=&#8220;row&#8220; _builder_version=&#8220;3.0.47&#8243; background_size=&#8220;initial&#8220; background_position=&#8220;top_left&#8220; background_repeat=&#8220;repeat&#8220;][et_pb_column type=&#8220;4_4&#8243; _builder_version=&#8220;3.0.47&#8243; parallax=&#8220;off&#8220; parallax_method=&#8220;on&#8220;][et_pb_divider _builder_version=&#8220;3.18.8&#8243;][\/et_pb_divider][\/et_pb_column][\/et_pb_row][\/et_pb_section][et_pb_section fb_built=&#8220;1&#8243; admin_label=&#8220;section&#8220; _builder_version=&#8220;3.0.47&#8243;][et_pb_row custom_padding=&#8220;0|0px|30px|0px|false|false&#8220; admin_label=&#8220;row&#8220; _builder_version=&#8220;3.18.8&#8243; background_size=&#8220;initial&#8220; background_position=&#8220;top_left&#8220; background_repeat=&#8220;repeat&#8220;][et_pb_column type=&#8220;4_4&#8243; _builder_version=&#8220;3.0.47&#8243; parallax=&#8220;off&#8220; parallax_method=&#8220;on&#8220;][et_pb_text _builder_version=&#8220;3.18.8&#8243; background_size=&#8220;initial&#8220; background_position=&#8220;top_left&#8220; background_repeat=&#8220;repeat&#8220; use_border_color=&#8220;off&#8220;]<\/p>\n<p><b>Zeitplan und Finanzierung<br \/><\/b><\/p>\n<div id=\"c656628\" class=\"csc-default\">\n<div class=\"csc-text\">\n<p>Das Projekt l\u00e4uft vom 01.09.2018 bis zum 31.12.2021. Es wird im Rahmen der Sozial-\u00f6kologischen Forschung (S\u00d6F) des Bundesministeriums f\u00fcr Bildung und Forschung (BMBF) im Programm \u201eRebound-Effekte aus sozial-\u00f6kologischer Perspektive\u201c gef\u00f6rdert.<\/p>\n<\/div>\n<\/div>\n<p>[\/et_pb_text][\/et_pb_column][\/et_pb_row][\/et_pb_section][et_pb_section fb_built=&#8220;1&#8243; custom_padding_last_edited=&#8220;on|desktop&#8220; admin_label=&#8220;section&#8220; _builder_version=&#8220;3.0.74&#8243; custom_padding=&#8220;0|0px|0|0px|false|false&#8220; custom_padding_tablet=&#8220;50px|0|50px|0&#8243; transparent_background=&#8220;off&#8220;][et_pb_row custom_padding=&#8220;0|0px|0|0px|false|false&#8220; _builder_version=&#8220;3.0.48&#8243; background_size=&#8220;initial&#8220; background_position=&#8220;top_left&#8220; background_repeat=&#8220;repeat&#8220;][et_pb_column type=&#8220;1_4&#8243; _builder_version=&#8220;3.0.47&#8243; parallax=&#8220;off&#8220; parallax_method=&#8220;on&#8220;][et_pb_text _builder_version=&#8220;3.0.87&#8243; background_size=&#8220;initial&#8220; background_position=&#8220;top_left&#8220; background_repeat=&#8220;repeat&#8220; text_orientation=&#8220;right&#8220; use_border_color=&#8220;off&#8220; border_color=&#8220;#ffffff&#8220; border_style=&#8220;solid&#8220;]<\/p>\n<p style=\"text-align: center;\"><strong>Gef\u00f6rdert durch:<\/strong><\/p>\n<p>[\/et_pb_text][\/et_pb_column][et_pb_column type=&#8220;1_4&#8243; _builder_version=&#8220;3.0.47&#8243; parallax=&#8220;off&#8220; parallax_method=&#8220;on&#8220;][et_pb_image src=&#8220;http:\/\/platzhalter.de-web.cc\/wordpress\/wp-content\/uploads\/2015\/08\/BMBF_Binka-e1442826870677.png&#8220; url=&#8220;http:\/\/www.bmbf.de\/&#8220; url_new_window=&#8220;on&#8220; align=&#8220;right&#8220; _builder_version=&#8220;3.0.87&#8243; use_border_color=&#8220;off&#8220; border_color=&#8220;#ffffff&#8220; border_style=&#8220;solid&#8220; animation=&#8220;off&#8220; sticky=&#8220;off&#8220;]<br \/>\n[\/et_pb_image][\/et_pb_column][et_pb_column type=&#8220;1_4&#8243; _builder_version=&#8220;3.0.47&#8243; parallax=&#8220;off&#8220; parallax_method=&#8220;on&#8220;][et_pb_image src=&#8220;http:\/\/www.rezeitkon.de\/wordpress\/wp-content\/uploads\/2021\/01\/FONA-Sozial-o\u0308kologische-Forschung-4C.jpg&#8220; url=&#8220;http:\/\/www.fona.de&#8220; url_new_window=&#8220;on&#8220; _builder_version=&#8220;3.18.8&#8243; use_border_color=&#8220;off&#8220; border_color=&#8220;#ffffff&#8220; border_style=&#8220;solid&#8220; animation=&#8220;off&#8220; sticky=&#8220;off&#8220;]<br \/>\n[\/et_pb_image][\/et_pb_column][et_pb_column type=&#8220;1_4&#8243; _builder_version=&#8220;3.0.47&#8243; parallax=&#8220;off&#8220; parallax_method=&#8220;on&#8220;][\/et_pb_column][\/et_pb_row][\/et_pb_section][et_pb_section fb_built=&#8220;1&#8243; admin_label=&#8220;section&#8220; _builder_version=&#8220;3.18.8&#8243;][et_pb_row custom_padding=&#8220;30px|0px|0|0px|false|false&#8220; admin_label=&#8220;row&#8220; _builder_version=&#8220;3.0.47&#8243; background_size=&#8220;initial&#8220; background_position=&#8220;top_left&#8220; background_repeat=&#8220;repeat&#8220;][et_pb_column type=&#8220;4_4&#8243; _builder_version=&#8220;3.0.47&#8243; parallax=&#8220;off&#8220; parallax_method=&#8220;on&#8220;][et_pb_divider color=&#8220;#cccccc&#8220; divider_position=&#8220;top&#8220; divider_weight=&#8220;2&#8243; height=&#8220;2&#8243; disabled_on=&#8220;on|on|off&#8220; _builder_version=&#8220;3.2&#8243; hide_on_mobile=&#8220;on&#8220;]<br \/>\n[\/et_pb_divider][\/et_pb_column][\/et_pb_row][\/et_pb_section]<\/p>\n","protected":false},"excerpt":{"rendered":"<p>[et_pb_section fb_built=&#8220;1&#8243; make_fullwidth=&#8220;on&#8220; make_equal=&#8220;on&#8220; custom_padding_last_edited=&#8220;on|desktop&#8220; admin_label=&#8220;section&#8220; module_class=&#8220;binka_header&#8220; _builder_version=&#8220;3.0.74&#8243; background_color=&#8220;#84bc41&#8243; custom_padding_tablet=&#8220;50px|0|50px|0&#8243; transparent_background=&#8220;off&#8220; padding_mobile=&#8220;off&#8220;][et_pb_row make_fullwidth=&#8220;on&#8220; padding_mobile=&#8220;off&#8220; make_equal=&#8220;on&#8220; admin_label=&#8220;row&#8220; _builder_version=&#8220;3.0.47&#8243; background_size=&#8220;initial&#8220; background_position=&#8220;top_left&#8220; background_repeat=&#8220;repeat&#8220;][et_pb_column type=&#8220;4_4&#8243; _builder_version=&#8220;3.0.47&#8243; parallax=&#8220;off&#8220; parallax_method=&#8220;on&#8220;][et_pb_text _builder_version=&#8220;3.18.8&#8243; background_size=&#8220;initial&#8220; background_position=&#8220;top_left&#8220; background_repeat=&#8220;repeat&#8220; use_border_color=&#8220;off&#8220; border_color=&#8220;#ffffff&#8220; border_style=&#8220;solid&#8220;] Hintergrund [\/et_pb_text][\/et_pb_column][\/et_pb_row][\/et_pb_section][et_pb_section fb_built=&#8220;1&#8243; admin_label=&#8220;section&#8220; _builder_version=&#8220;3.18.8&#8243;][et_pb_row custom_padding=&#8220;30px|0px|6px|0px|false|false&#8220; admin_label=&#8220;row&#8220; _builder_version=&#8220;3.18.8&#8243; background_size=&#8220;initial&#8220; background_position=&#8220;top_left&#8220; background_repeat=&#8220;repeat&#8220;][et_pb_column type=&#8220;4_4&#8243; _builder_version=&#8220;3.0.47&#8243; parallax=&#8220;off&#8220; parallax_method=&#8220;on&#8220;][et_pb_text _builder_version=&#8220;3.18.8&#8243; background_size=&#8220;initial&#8220; background_position=&#8220;top_left&#8220; background_repeat=&#8220;repeat&#8220; use_border_color=&#8220;off&#8220;] Projekthintergrund &nbsp; Hinter dem [&hellip;]<\/p>\n","protected":false},"author":1,"featured_media":0,"parent":0,"menu_order":0,"comment_status":"closed","ping_status":"closed","template":"","meta":{"_et_pb_use_builder":"on","_et_pb_old_content":""},"_links":{"self":[{"href":"https:\/\/www.rezeitkon.de\/wordpress\/wp-json\/wp\/v2\/pages\/429"}],"collection":[{"href":"https:\/\/www.rezeitkon.de\/wordpress\/wp-json\/wp\/v2\/pages"}],"about":[{"href":"https:\/\/www.rezeitkon.de\/wordpress\/wp-json\/wp\/v2\/types\/page"}],"author":[{"embeddable":true,"href":"https:\/\/www.rezeitkon.de\/wordpress\/wp-json\/wp\/v2\/users\/1"}],"replies":[{"embeddable":true,"href":"https:\/\/www.rezeitkon.de\/wordpress\/wp-json\/wp\/v2\/comments?post=429"}],"version-history":[{"count":34,"href":"https:\/\/www.rezeitkon.de\/wordpress\/wp-json\/wp\/v2\/pages\/429\/revisions"}],"predecessor-version":[{"id":3245,"href":"https:\/\/www.rezeitkon.de\/wordpress\/wp-json\/wp\/v2\/pages\/429\/revisions\/3245"}],"wp:attachment":[{"href":"https:\/\/www.rezeitkon.de\/wordpress\/wp-json\/wp\/v2\/media?parent=429"}],"curies":[{"name":"wp","href":"https:\/\/api.w.org\/{rel}","templated":true}]}}