{"id":37,"date":"2015-08-18T16:56:52","date_gmt":"2015-08-18T14:56:52","guid":{"rendered":"http:\/\/platzhalter.de-web.cc\/wordpress\/?page_id=37"},"modified":"2021-07-13T16:51:12","modified_gmt":"2021-07-13T14:51:12","slug":"das-projekt","status":"publish","type":"page","link":"https:\/\/www.rezeitkon.de\/wordpress\/","title":{"rendered":"Das Projekt"},"content":{"rendered":"<p>[et_pb_section fb_built=&#8220;1&#8243; _builder_version=&#8220;3.0.47&#8243; custom_padding=&#8220;50px|0px|0|0px|false|false&#8220;][et_pb_row _builder_version=&#8220;3.0.48&#8243; background_size=&#8220;initial&#8220; background_position=&#8220;top_left&#8220; background_repeat=&#8220;repeat&#8220;][et_pb_column type=&#8220;4_4&#8243; _builder_version=&#8220;3.0.47&#8243; parallax=&#8220;off&#8220; parallax_method=&#8220;on&#8220;][et_pb_image src=&#8220;http:\/\/rezeitkon.de\/wordpress\/wp-content\/uploads\/2019\/02\/ReZeitKon_HP_ILLU_negativ_K.jpg&#8220; _builder_version=&#8220;3.18.8&#8243;][\/et_pb_image][\/et_pb_column][\/et_pb_row][et_pb_row _builder_version=&#8220;3.0.48&#8243; background_size=&#8220;initial&#8220; background_position=&#8220;top_left&#8220; background_repeat=&#8220;repeat&#8220;][et_pb_column type=&#8220;1_2&#8243; _builder_version=&#8220;3.0.47&#8243; parallax=&#8220;off&#8220; parallax_method=&#8220;on&#8220;][et_pb_text _builder_version=&#8220;3.18.8&#8243; background_size=&#8220;initial&#8220; background_position=&#8220;top_left&#8220; background_repeat=&#8220;repeat&#8220; use_border_color=&#8220;off&#8220;]<\/p>\n<p><strong>ReZeitKon &#8211; Zeit-Rebound, Zeitwohlstand und Nachhaltiger Konsum<br \/><\/strong>ist ein vom Bundesministerium f\u00fcr Bildung und Forschung (BMBF)\u00a0gef\u00f6rdertes, inter- und transdisziplin\u00e4res Forschungsverbundprojekt.<\/p>\n<p>ReZeitKon wird von der Technischen Universit\u00e4t Berlin (Fachgebiet Arbeitslehre\/\u00d6konomie und Nachhaltiger Konsum (AL\u00d6NK)) im Verbund mit der Leuphana Universit\u00e4t L\u00fcneburg (Institut f\u00fcr Umweltkommunikation (INFU)) sowie dem Fraunhofer-Institut f\u00fcr System- und Innovationsforschung (ISI, Karlsruhe) durchgef\u00fchrt.<\/p>\n<p>Das Projekt wird begleitet durch einen Beirat mit prominenten Repr\u00e4sentant\/innen relevanter zivilgesellschaftlicher Institutionen, die sich bereits seit Jahren mit dem Zusammenhang von Zeit- und Ressourcennutzung im Hinblick auf Arbeit, Bildung und Konsum auseinandersetzen.<\/p>\n<p>Das Konzept des <strong>Zeitwohlstands<\/strong> wird bereits seit den 1990er Jahren intensiv in unterschiedlichen Disziplinen beforscht und auch in der Gesellschaft zeichnet sich eine zunehmende Sensibilisierung gegen\u00fcber der Bedeutung von Zeit und Zeitnutzung als Dimension von Lebensqualit\u00e4t ab.<\/p>\n<p>[\/et_pb_text][\/et_pb_column][et_pb_column type=&#8220;1_2&#8243; _builder_version=&#8220;3.0.47&#8243; parallax=&#8220;off&#8220; parallax_method=&#8220;on&#8220;][et_pb_text _builder_version=&#8220;3.18.8&#8243;]<\/p>\n<p>Wie Menschen mit Zeit umgehen, hat dabei vielf\u00e4ltige Konsequenzen f\u00fcr Gesellschaft und Umwelt. Zeitwohlstand und Suffizienz k\u00f6nnen sich dabei gegenseitig st\u00e4rken und bedingen, w\u00e4hrend ein Mangel an Zeit wiederum zu negativen Umwelteffekten, z.B. durch Kompensationsk\u00e4ufe, f\u00fchren kann.<\/p>\n<p>Unter <strong>Zeit-Rebound-Effekten<\/strong> wird in der Literatur bisher der zus\u00e4tzliche Verbrauch nat\u00fcrlicher Ressourcen verstanden, der durch die Nutzung von Zeit entsteht, die durch den Einsatz effizienter Technik und Prozesse oder durch Arbeitszeitverk\u00fcrzung \u201efrei\u201c geworden ist. Parallel zu dieser zus\u00e4tzlichen Umweltbelastung f\u00fchrt die intensivere Nutzung von Zeit vielfach subjektiv auch zu einem Gef\u00fchl von Zeitnot.<\/p>\n<p>Im ReZeitKon-Projekt soll die Bedeutung von Zeit-Rebound-Effekten f\u00fcr die Nachhaltigkeit des Konsums empirisch analysiert werden. Auf dieser Basis erfolgt dann die Entwicklung und Evaluation von Ma\u00dfnahmen f\u00fcr eine Reduktion von Zeit-Rebound-Effekten.<\/p>\n<p>[\/et_pb_text][\/et_pb_column][\/et_pb_row][\/et_pb_section][et_pb_section fb_built=&#8220;1&#8243; custom_padding_last_edited=&#8220;on|desktop&#8220; _builder_version=&#8220;3.0.74&#8243; custom_padding_tablet=&#8220;50px|0|50px|0&#8243; transparent_background=&#8220;off&#8220; padding_mobile=&#8220;off&#8220;][et_pb_row custom_padding=&#8220;30px|0px|0|0px|false|false&#8220; _builder_version=&#8220;3.0.48&#8243; background_size=&#8220;initial&#8220; background_position=&#8220;top_left&#8220; background_repeat=&#8220;repeat&#8220;][et_pb_column type=&#8220;1_4&#8243; _builder_version=&#8220;3.0.47&#8243; parallax=&#8220;off&#8220; parallax_method=&#8220;on&#8220;][et_pb_text _builder_version=&#8220;3.0.87&#8243; background_size=&#8220;initial&#8220; background_position=&#8220;top_left&#8220; background_repeat=&#8220;repeat&#8220; text_orientation=&#8220;right&#8220; use_border_color=&#8220;off&#8220; border_color=&#8220;#ffffff&#8220; border_style=&#8220;solid&#8220;]<\/p>\n<p style=\"text-align: center;\"><strong>Gef\u00f6rdert durch:<\/strong><\/p>\n<p>[\/et_pb_text][\/et_pb_column][et_pb_column type=&#8220;1_4&#8243; _builder_version=&#8220;3.0.47&#8243; parallax=&#8220;off&#8220; parallax_method=&#8220;on&#8220;][et_pb_image src=&#8220;http:\/\/www.rezeitkon.de\/wordpress\/wp-content\/uploads\/2021\/07\/BMBF_gefrdert-vom_deutsch.jpg&#8220; url=&#8220;http:\/\/www.bmbf.de\/&#8220; url_new_window=&#8220;on&#8220; align=&#8220;right&#8220; _builder_version=&#8220;3.18.8&#8243; animation=&#8220;off&#8220; sticky=&#8220;off&#8220; use_border_color=&#8220;off&#8220; border_color=&#8220;#ffffff&#8220; border_style=&#8220;solid&#8220;]<br \/>\n[\/et_pb_image][\/et_pb_column][et_pb_column type=&#8220;1_4&#8243; _builder_version=&#8220;3.0.47&#8243; parallax=&#8220;off&#8220; parallax_method=&#8220;on&#8220;][et_pb_image src=&#8220;http:\/\/www.rezeitkon.de\/wordpress\/wp-content\/uploads\/2021\/01\/FONA-Sozial-o\u0308kologische-Forschung-4C.jpg&#8220; url=&#8220;http:\/\/www.fona.de&#8220; url_new_window=&#8220;on&#8220; _builder_version=&#8220;3.18.8&#8243; animation=&#8220;off&#8220; sticky=&#8220;off&#8220; use_border_color=&#8220;off&#8220; border_color=&#8220;#ffffff&#8220; border_style=&#8220;solid&#8220;]<br \/>\n[\/et_pb_image][\/et_pb_column][et_pb_column type=&#8220;1_4&#8243; _builder_version=&#8220;3.0.47&#8243; parallax=&#8220;off&#8220; parallax_method=&#8220;on&#8220;][\/et_pb_column][\/et_pb_row][\/et_pb_section]<\/p>\n","protected":false},"excerpt":{"rendered":"<p>[et_pb_section fb_built=&#8220;1&#8243; _builder_version=&#8220;3.0.47&#8243; custom_padding=&#8220;50px|0px|0|0px|false|false&#8220;][et_pb_row _builder_version=&#8220;3.0.48&#8243; background_size=&#8220;initial&#8220; background_position=&#8220;top_left&#8220; background_repeat=&#8220;repeat&#8220;][et_pb_column type=&#8220;4_4&#8243; _builder_version=&#8220;3.0.47&#8243; parallax=&#8220;off&#8220; parallax_method=&#8220;on&#8220;][et_pb_image src=&#8220;http:\/\/rezeitkon.de\/wordpress\/wp-content\/uploads\/2019\/02\/ReZeitKon_HP_ILLU_negativ_K.jpg&#8220; _builder_version=&#8220;3.18.8&#8243;][\/et_pb_image][\/et_pb_column][\/et_pb_row][et_pb_row _builder_version=&#8220;3.0.48&#8243; background_size=&#8220;initial&#8220; background_position=&#8220;top_left&#8220; background_repeat=&#8220;repeat&#8220;][et_pb_column type=&#8220;1_2&#8243; _builder_version=&#8220;3.0.47&#8243; parallax=&#8220;off&#8220; parallax_method=&#8220;on&#8220;][et_pb_text _builder_version=&#8220;3.18.8&#8243; background_size=&#8220;initial&#8220; background_position=&#8220;top_left&#8220; background_repeat=&#8220;repeat&#8220; use_border_color=&#8220;off&#8220;] ReZeitKon &#8211; Zeit-Rebound, Zeitwohlstand und Nachhaltiger Konsumist ein vom Bundesministerium f\u00fcr Bildung und Forschung (BMBF)\u00a0gef\u00f6rdertes, inter- und transdisziplin\u00e4res Forschungsverbundprojekt. ReZeitKon wird von der Technischen Universit\u00e4t Berlin (Fachgebiet Arbeitslehre\/\u00d6konomie [&hellip;]<\/p>\n","protected":false},"author":1,"featured_media":0,"parent":0,"menu_order":0,"comment_status":"open","ping_status":"open","template":"","meta":{"_et_pb_use_builder":"on","_et_pb_old_content":""},"_links":{"self":[{"href":"https:\/\/www.rezeitkon.de\/wordpress\/wp-json\/wp\/v2\/pages\/37"}],"collection":[{"href":"https:\/\/www.rezeitkon.de\/wordpress\/wp-json\/wp\/v2\/pages"}],"about":[{"href":"https:\/\/www.rezeitkon.de\/wordpress\/wp-json\/wp\/v2\/types\/page"}],"author":[{"embeddable":true,"href":"https:\/\/www.rezeitkon.de\/wordpress\/wp-json\/wp\/v2\/users\/1"}],"replies":[{"embeddable":true,"href":"https:\/\/www.rezeitkon.de\/wordpress\/wp-json\/wp\/v2\/comments?post=37"}],"version-history":[{"count":20,"href":"https:\/\/www.rezeitkon.de\/wordpress\/wp-json\/wp\/v2\/pages\/37\/revisions"}],"predecessor-version":[{"id":3325,"href":"https:\/\/www.rezeitkon.de\/wordpress\/wp-json\/wp\/v2\/pages\/37\/revisions\/3325"}],"wp:attachment":[{"href":"https:\/\/www.rezeitkon.de\/wordpress\/wp-json\/wp\/v2\/media?parent=37"}],"curies":[{"name":"wp","href":"https:\/\/api.w.org\/{rel}","templated":true}]}}