{"id":3502,"date":"2022-02-02T09:43:48","date_gmt":"2022-02-02T08:43:48","guid":{"rendered":"https:\/\/www.rezeitkon.de\/wordpress\/?page_id=3502"},"modified":"2022-02-03T09:25:21","modified_gmt":"2022-02-03T08:25:21","slug":"handlungsempfehlungen","status":"publish","type":"page","link":"https:\/\/www.rezeitkon.de\/wordpress\/handlungsempfehlungen\/","title":{"rendered":"Handlungsempfehlungen"},"content":{"rendered":"<p>[et_pb_section fb_built=&#8220;1&#8243; custom_padding_last_edited=&#8220;on|desktop&#8220; admin_label=&#8220;section&#8220; _builder_version=&#8220;3.0.74&#8243; background_color=&#8220;#84bc41&#8243; custom_padding_tablet=&#8220;50px|0|50px|0&#8243; transparent_background=&#8220;off&#8220; padding_mobile=&#8220;off&#8220;][et_pb_row custom_padding=&#8220;30px|0px|9px|0px|false|false&#8220; admin_label=&#8220;row&#8220; _builder_version=&#8220;3.0.48&#8243; background_size=&#8220;initial&#8220; background_position=&#8220;top_left&#8220; background_repeat=&#8220;repeat&#8220;][et_pb_column type=&#8220;4_4&#8243; _builder_version=&#8220;3.0.47&#8243; parallax=&#8220;off&#8220; parallax_method=&#8220;on&#8220;][et_pb_text admin_label=&#8220;Text&#8220; _builder_version=&#8220;3.0.87&#8243; background_size=&#8220;initial&#8220; background_position=&#8220;top_left&#8220; background_repeat=&#8220;repeat&#8220; use_border_color=&#8220;off&#8220; border_color=&#8220;#ffffff&#8220; border_style=&#8220;solid&#8220;]<\/p>\n<h3><strong><span style=\"color: #ffffff;\">Handlungsempfehlungen<\/span><\/strong><\/h3>\n<p>[\/et_pb_text][\/et_pb_column][\/et_pb_row][\/et_pb_section][et_pb_section fb_built=&#8220;1&#8243; custom_padding_last_edited=&#8220;on|desktop&#8220; admin_label=&#8220;section&#8220; _builder_version=&#8220;3.0.74&#8243; custom_padding_tablet=&#8220;50px|0|50px|0&#8243; transparent_background=&#8220;off&#8220; padding_mobile=&#8220;off&#8220;][et_pb_row custom_padding=&#8220;27px|0px|30px|0px|false|false&#8220; admin_label=&#8220;row&#8220; _builder_version=&#8220;3.0.48&#8243; background_size=&#8220;initial&#8220; background_position=&#8220;top_left&#8220; background_repeat=&#8220;repeat&#8220;][et_pb_column type=&#8220;4_4&#8243; _builder_version=&#8220;3.0.47&#8243; parallax=&#8220;off&#8220; parallax_method=&#8220;on&#8220;][et_pb_text admin_label=&#8220;Text&#8220; _builder_version=&#8220;3.0.87&#8243; background_size=&#8220;initial&#8220; background_position=&#8220;top_left&#8220; background_repeat=&#8220;repeat&#8220; use_border_color=&#8220;off&#8220; border_color=&#8220;#ffffff&#8220; border_style=&#8220;solid&#8220;]<\/p>\n<p><span style=\"font-family: inherit; font-weight: normal;\">Ihr Zeitwohlstand erscheint Ihnen im Vergleich zu anderen als zu gering? Auf Basis unserer bisherigen Forschungsergebnisse haben wir einige Tools entwickelt, die dazu anregen sollen, die Rahmenbedingungen des eigenen Zeitwohlstands gemeinsam mit anderen zu reflektieren. Im Anschluss werden konkrete Ma\u00dfnahmen entwickelt, um den Zeitwohlstand zu f\u00f6rdern. Ebenso verweisen wir in diesem Zusammenhang gerne auf unsere wissenschaftlichen Publikationen.<\/span><\/p>\n<p><strong>NachhaltigZeit &#8211; Ein Bildungsangebot zur F\u00f6rderung von Zeitgestaltungskompetenz<\/strong><\/p>\n<p>Dies ist der zw\u00f6lfte Teil der Reihe \u201eImages and Objects \u2013 Active Methodology Toolkit&#8220; und zielt darauf ab, die Zeitgestaltungskompetenz der Lernenden durch einen erfahrungsbasierten Ansatz zu erh\u00f6hen, damit sie lernen, wie sie Zeitwohlstand schaffen k\u00f6nnen. <a href=\"https:\/\/www.rezeitkon.de\/wordpress\/wp-content\/uploads\/2021\/11\/Toolkit-12-SusTimeAbility_DE_online.pdf\">Hier<\/a> gelangen Sie zu den Materialien.<\/p>\n<p><strong>Design Thinking Workshop zur Gestaltung von Zeitstrukturen<\/strong><\/p>\n<p>Der Design Thinking Workshop basiert auf der Methode \u201e<a href=\"http:\/\/nachhaltigkeitsinnovation.de\/\">Design Thinking f\u00fcr Nachhaltigkeit<\/a>\u201c und wurde \u00fcber mehrere Workshops mit verschiedenen Unternehmen weiterentwickelt. Er zielt darauf ab, die hemmenden und f\u00f6rderlichen Strukturen f\u00fcr Zeitwohlstand zu reflektieren und in kurzer Zeit innovative L\u00f6sungen zur F\u00f6rderung von Zeitwohlstand zu entwickeln. Eine kurze Beschreibung des Workshops befindet sich im ToolKit \u201eNachhaltigZeit\u201c. Die einzelnen Workshopmaterialien k\u00f6nnen <a href=\"http:\/\/nachhaltigkeitsinnovation.de\/Templates\/basics.html\">hier<\/a> heruntergeladen werden.<\/p>\n<p>[\/et_pb_text][\/et_pb_column][\/et_pb_row][\/et_pb_section]<\/p>\n","protected":false},"excerpt":{"rendered":"<p>[et_pb_section fb_built=&#8220;1&#8243; custom_padding_last_edited=&#8220;on|desktop&#8220; admin_label=&#8220;section&#8220; _builder_version=&#8220;3.0.74&#8243; background_color=&#8220;#84bc41&#8243; custom_padding_tablet=&#8220;50px|0|50px|0&#8243; transparent_background=&#8220;off&#8220; padding_mobile=&#8220;off&#8220;][et_pb_row custom_padding=&#8220;30px|0px|9px|0px|false|false&#8220; admin_label=&#8220;row&#8220; _builder_version=&#8220;3.0.48&#8243; background_size=&#8220;initial&#8220; background_position=&#8220;top_left&#8220; background_repeat=&#8220;repeat&#8220;][et_pb_column type=&#8220;4_4&#8243; _builder_version=&#8220;3.0.47&#8243; parallax=&#8220;off&#8220; parallax_method=&#8220;on&#8220;][et_pb_text admin_label=&#8220;Text&#8220; _builder_version=&#8220;3.0.87&#8243; background_size=&#8220;initial&#8220; background_position=&#8220;top_left&#8220; background_repeat=&#8220;repeat&#8220; use_border_color=&#8220;off&#8220; border_color=&#8220;#ffffff&#8220; border_style=&#8220;solid&#8220;] Handlungsempfehlungen [\/et_pb_text][\/et_pb_column][\/et_pb_row][\/et_pb_section][et_pb_section fb_built=&#8220;1&#8243; custom_padding_last_edited=&#8220;on|desktop&#8220; admin_label=&#8220;section&#8220; _builder_version=&#8220;3.0.74&#8243; custom_padding_tablet=&#8220;50px|0|50px|0&#8243; transparent_background=&#8220;off&#8220; padding_mobile=&#8220;off&#8220;][et_pb_row custom_padding=&#8220;27px|0px|30px|0px|false|false&#8220; admin_label=&#8220;row&#8220; _builder_version=&#8220;3.0.48&#8243; background_size=&#8220;initial&#8220; background_position=&#8220;top_left&#8220; background_repeat=&#8220;repeat&#8220;][et_pb_column type=&#8220;4_4&#8243; _builder_version=&#8220;3.0.47&#8243; parallax=&#8220;off&#8220; parallax_method=&#8220;on&#8220;][et_pb_text admin_label=&#8220;Text&#8220; _builder_version=&#8220;3.0.87&#8243; background_size=&#8220;initial&#8220; background_position=&#8220;top_left&#8220; background_repeat=&#8220;repeat&#8220; use_border_color=&#8220;off&#8220; border_color=&#8220;#ffffff&#8220; border_style=&#8220;solid&#8220;] Ihr [&hellip;]<\/p>\n","protected":false},"author":1,"featured_media":0,"parent":0,"menu_order":0,"comment_status":"closed","ping_status":"closed","template":"","meta":{"_et_pb_use_builder":"on","_et_pb_old_content":""},"_links":{"self":[{"href":"https:\/\/www.rezeitkon.de\/wordpress\/wp-json\/wp\/v2\/pages\/3502"}],"collection":[{"href":"https:\/\/www.rezeitkon.de\/wordpress\/wp-json\/wp\/v2\/pages"}],"about":[{"href":"https:\/\/www.rezeitkon.de\/wordpress\/wp-json\/wp\/v2\/types\/page"}],"author":[{"embeddable":true,"href":"https:\/\/www.rezeitkon.de\/wordpress\/wp-json\/wp\/v2\/users\/1"}],"replies":[{"embeddable":true,"href":"https:\/\/www.rezeitkon.de\/wordpress\/wp-json\/wp\/v2\/comments?post=3502"}],"version-history":[{"count":10,"href":"https:\/\/www.rezeitkon.de\/wordpress\/wp-json\/wp\/v2\/pages\/3502\/revisions"}],"predecessor-version":[{"id":3605,"href":"https:\/\/www.rezeitkon.de\/wordpress\/wp-json\/wp\/v2\/pages\/3502\/revisions\/3605"}],"wp:attachment":[{"href":"https:\/\/www.rezeitkon.de\/wordpress\/wp-json\/wp\/v2\/media?parent=3502"}],"curies":[{"name":"wp","href":"https:\/\/api.w.org\/{rel}","templated":true}]}}