{"id":3498,"date":"2022-02-02T09:42:32","date_gmt":"2022-02-02T08:42:32","guid":{"rendered":"https:\/\/www.rezeitkon.de\/wordpress\/?page_id=3498"},"modified":"2022-03-17T09:23:48","modified_gmt":"2022-03-17T08:23:48","slug":"berechnungsgrundlage","status":"publish","type":"page","link":"https:\/\/www.rezeitkon.de\/wordpress\/berechnungsgrundlage\/","title":{"rendered":"Berechnungsgrundlage"},"content":{"rendered":"<p>[et_pb_section fb_built=&#8220;1&#8243; custom_padding_last_edited=&#8220;on|desktop&#8220; admin_label=&#8220;section&#8220; _builder_version=&#8220;3.0.74&#8243; background_color=&#8220;#84bc41&#8243; custom_padding_tablet=&#8220;50px|0|50px|0&#8243; transparent_background=&#8220;off&#8220; padding_mobile=&#8220;off&#8220;][et_pb_row _builder_version=&#8220;3.18.8&#8243; custom_padding=&#8220;30px|0px|0|0px|false|false&#8220;][et_pb_column type=&#8220;4_4&#8243; _builder_version=&#8220;3.18.8&#8243; parallax=&#8220;off&#8220; parallax_method=&#8220;on&#8220;][et_pb_text _builder_version=&#8220;3.18.8&#8243;]<\/p>\n<h3><span style=\"color: #ffffff;\"><strong>Berechnungsgrundlage<\/strong><\/span><\/h3>\n<p>[\/et_pb_text][\/et_pb_column][\/et_pb_row][\/et_pb_section][et_pb_section fb_built=&#8220;1&#8243; custom_padding_last_edited=&#8220;on|desktop&#8220; admin_label=&#8220;section&#8220; _builder_version=&#8220;3.0.74&#8243; custom_padding_tablet=&#8220;50px|0|50px|0&#8243; transparent_background=&#8220;off&#8220; padding_mobile=&#8220;off&#8220;][et_pb_row custom_padding=&#8220;33px|0px|10px|0px|false|false&#8220; _builder_version=&#8220;3.18.8&#8243;][et_pb_column type=&#8220;4_4&#8243; _builder_version=&#8220;3.18.8&#8243; parallax=&#8220;off&#8220; parallax_method=&#8220;on&#8220;][et_pb_text _builder_version=&#8220;3.18.8&#8243;]<\/p>\n<p><u>Zeitwohlstand<\/u><\/p>\n<p>Die zw\u00f6lf Aussagen, zu denen Sie zur Berechnung Ihres Zeitwohlstandes Stellung bezogen haben, wurden in einem mehrstufigen Befragungsdesign getestet. Nach einer Vorstudie mit 156 Personen im September 2019 wurde die Skala im Februar 2020 an einer Repr\u00e4sentativstichprobe mit 2015 Personen \u00fcberpr\u00fcft. Dabei handelte es sich um Frauen und M\u00e4nner zwischen 18 und 67 Jahren.<\/p>\n<p>Die Aussagen decken die f\u00fcnf Dimensionen \u201efreie Zeit\u201c, \u201eTempo\u201c, \u201eVereinbarkeit\u201c, \u201eSelbstbestimmtheit\u201c und \u201ePlanbarkeit\u201c ab. Die Dimensionen stehen dabei in einem engen Zusammenhang zueinander und stellen gemeinsam verschiedene Auspr\u00e4gungen von Zeitwohlstand dar. Diese Zusammenh\u00e4nge lassen sich mit einem sogenannten S-1 Messmodell (Eid et al., 2017) beschreiben, das sich durch eine grundlegende Referenzdimension auszeichnet. Die Faktorenwerte aller weiteren Dimensionen werden um die Varianz dieser Referenzdimension bereinigt, d.h. sie geben am Ende an, wie stark die jeweilige Auspr\u00e4gung <strong><em>unabh\u00e4ngig<\/em><\/strong> von der Referenzdimension ist.<\/p>\n<p>Die Referenzdimension bei Zeitwohlstand ist die \u201efreie Zeit\u201c (dies sehen Sie auch in der untenstehenden Abbildung). In jeder Auspr\u00e4gung von Zeitwohlstand steckt also ein substantieller Anteil an frei zur Verf\u00fcgung stehender Zeit. Dies dr\u00fcckt sich in den durch freie Zeit erkl\u00e4rten Varianzanteilen aller Aussagen aus, die im Repr\u00e4sentativ-Datensatz zwischen 38% (f\u00fcr Planbarkeit) und 76% (f\u00fcr Selbstbestimmtheit) lagen (siehe Abb. 1). Alle Werte in den weiteren Dimensionen sind um diese Varianz bereinigt und dr\u00fccken nun jeweils Tempo, Vereinbarkeit, Selbstbestimmtheit und Planbarkeit <strong>unabh\u00e4ngig von<\/strong> freier Zeit aus.<\/p>\n<p>Die Auspr\u00e4gungen Ihrer Antworten in diesen bereinigten Werten werden nun jeweils mit den Auspr\u00e4gungen der repr\u00e4sentativen Stichprobe verglichen. Liegen Sie oberhalb des Durchschnitts, kommt es zu einem Prozentrang \u00fcber 50%, liegen Sie unterhalb, kommt es zu einem Prozentrang von unter 50%. Je n\u00e4her der Wert an 0 oder 10 liegt, desto st\u00e4rker unterscheiden Sie sich vom Durchschnitt der deutschen Bev\u00f6lkerung in der jeweiligen Dimension.<\/p>\n<p>Abbildung 1: S-1 Modell von Zeitwohlstand<\/p>\n<p>[\/et_pb_text][\/et_pb_column][\/et_pb_row][\/et_pb_section][et_pb_section fb_built=&#8220;1&#8243; _builder_version=&#8220;3.18.8&#8243;][et_pb_row custom_padding=&#8220;0|0px|0|39px|false|false&#8220; _builder_version=&#8220;3.18.8&#8243;][et_pb_column type=&#8220;4_4&#8243; _builder_version=&#8220;3.18.8&#8243; parallax=&#8220;off&#8220; parallax_method=&#8220;on&#8220;][et_pb_image src=&#8220;http:\/\/www.rezeitkon.de\/wordpress\/wp-content\/uploads\/2022\/02\/Modell-von-Zeitwohlstand.png&#8220; _builder_version=&#8220;3.18.8&#8243; max_width=&#8220;71%&#8220;][\/et_pb_image][\/et_pb_column][\/et_pb_row][\/et_pb_section][et_pb_section fb_built=&#8220;1&#8243; _builder_version=&#8220;3.18.8&#8243;][et_pb_row custom_padding=&#8220;0|0px|16px|46px|false|false&#8220; _builder_version=&#8220;3.18.8&#8243;][et_pb_column type=&#8220;4_4&#8243; _builder_version=&#8220;3.18.8&#8243; parallax=&#8220;off&#8220; parallax_method=&#8220;on&#8220;][et_pb_text _builder_version=&#8220;3.18.8&#8243;]<\/p>\n<p><span style=\"font-size: small;\">Eid, M., Geiser, C., Koch, T., &amp; Heene, M. (2017). Anomalous results in G-factor models: Explanations and alternatives. <em>Psychological Methods<\/em>, <em>22<\/em>(3), 541-562. <a href=\"https:\/\/doi.org\/10.1037\/met0000083\">https:\/\/doi.org\/10.1037\/met0000083\u00a0 <\/a><br \/>\n<\/span><span style=\"font-size: small;\">Geiger, S. M., Freudenstein, J.-P., Jorck, G. von, Gerold, S., &amp; Schrader, U. (2021). Time wealth: Measurement, drivers and consequences. <em>Current Research in Ecological and Social Psychology<\/em>, <em>2<\/em>, 100015. <a href=\"https:\/\/doi.org\/10.1016\/j.cresp.2021.100015\">https:\/\/doi.org\/10.1016\/j.cresp.2021.100015\u00a0 <\/a><\/span><\/p>\n<p>[\/et_pb_text][\/et_pb_column][\/et_pb_row][\/et_pb_section][et_pb_section fb_built=&#8220;1&#8243; _builder_version=&#8220;3.18.8&#8243;][et_pb_row _builder_version=&#8220;3.18.8&#8243;][et_pb_column type=&#8220;4_4&#8243; _builder_version=&#8220;3.18.8&#8243; parallax=&#8220;off&#8220; parallax_method=&#8220;on&#8220;][et_pb_text _builder_version=&#8220;3.18.8&#8243;]<\/p>\n<p><u>Zeiteffiziente Praktiken<\/u><\/p>\n<p>Mit der Berechnung Ihres Einsatzes von zeiteffizienten Praktiken verh\u00e4lt es sich etwas anders. Hier basiert die Skala nicht auf einem S1-Modell, sodass Sie in der Auswertungsgrafik ganz einfach Ihren Mittelwert und dessen Position in der Stichprobe sehen. Letztere wurde, wie auch die Stichprobe zur Entwicklung der Zeitwohlstandsskala, 2020 gewonnen und besteht aus 1951 Frauen und M\u00e4nnern.<\/p>\n<p>[\/et_pb_text][\/et_pb_column][\/et_pb_row][\/et_pb_section][et_pb_section fb_built=&#8220;1&#8243; _builder_version=&#8220;3.18.8&#8243;][\/et_pb_section][et_pb_section fb_built=&#8220;1&#8243; custom_padding_last_edited=&#8220;on|desktop&#8220; admin_label=&#8220;section&#8220; _builder_version=&#8220;3.0.74&#8243; custom_padding_tablet=&#8220;50px|0|50px|0&#8243; transparent_background=&#8220;off&#8220; padding_mobile=&#8220;off&#8220;][\/et_pb_section]<\/p>\n","protected":false},"excerpt":{"rendered":"<p>[et_pb_section fb_built=&#8220;1&#8243; custom_padding_last_edited=&#8220;on|desktop&#8220; admin_label=&#8220;section&#8220; _builder_version=&#8220;3.0.74&#8243; background_color=&#8220;#84bc41&#8243; custom_padding_tablet=&#8220;50px|0|50px|0&#8243; transparent_background=&#8220;off&#8220; padding_mobile=&#8220;off&#8220;][et_pb_row _builder_version=&#8220;3.18.8&#8243; custom_padding=&#8220;30px|0px|0|0px|false|false&#8220;][et_pb_column type=&#8220;4_4&#8243; _builder_version=&#8220;3.18.8&#8243; parallax=&#8220;off&#8220; parallax_method=&#8220;on&#8220;][et_pb_text _builder_version=&#8220;3.18.8&#8243;] Berechnungsgrundlage [\/et_pb_text][\/et_pb_column][\/et_pb_row][\/et_pb_section][et_pb_section fb_built=&#8220;1&#8243; custom_padding_last_edited=&#8220;on|desktop&#8220; admin_label=&#8220;section&#8220; _builder_version=&#8220;3.0.74&#8243; custom_padding_tablet=&#8220;50px|0|50px|0&#8243; transparent_background=&#8220;off&#8220; padding_mobile=&#8220;off&#8220;][et_pb_row custom_padding=&#8220;33px|0px|10px|0px|false|false&#8220; _builder_version=&#8220;3.18.8&#8243;][et_pb_column type=&#8220;4_4&#8243; _builder_version=&#8220;3.18.8&#8243; parallax=&#8220;off&#8220; parallax_method=&#8220;on&#8220;][et_pb_text _builder_version=&#8220;3.18.8&#8243;] Zeitwohlstand Die zw\u00f6lf Aussagen, zu denen Sie zur Berechnung Ihres Zeitwohlstandes Stellung bezogen haben, wurden in einem mehrstufigen Befragungsdesign getestet. Nach einer Vorstudie [&hellip;]<\/p>\n","protected":false},"author":1,"featured_media":0,"parent":0,"menu_order":0,"comment_status":"closed","ping_status":"closed","template":"","meta":{"_et_pb_use_builder":"on","_et_pb_old_content":""},"_links":{"self":[{"href":"https:\/\/www.rezeitkon.de\/wordpress\/wp-json\/wp\/v2\/pages\/3498"}],"collection":[{"href":"https:\/\/www.rezeitkon.de\/wordpress\/wp-json\/wp\/v2\/pages"}],"about":[{"href":"https:\/\/www.rezeitkon.de\/wordpress\/wp-json\/wp\/v2\/types\/page"}],"author":[{"embeddable":true,"href":"https:\/\/www.rezeitkon.de\/wordpress\/wp-json\/wp\/v2\/users\/1"}],"replies":[{"embeddable":true,"href":"https:\/\/www.rezeitkon.de\/wordpress\/wp-json\/wp\/v2\/comments?post=3498"}],"version-history":[{"count":14,"href":"https:\/\/www.rezeitkon.de\/wordpress\/wp-json\/wp\/v2\/pages\/3498\/revisions"}],"predecessor-version":[{"id":3641,"href":"https:\/\/www.rezeitkon.de\/wordpress\/wp-json\/wp\/v2\/pages\/3498\/revisions\/3641"}],"wp:attachment":[{"href":"https:\/\/www.rezeitkon.de\/wordpress\/wp-json\/wp\/v2\/media?parent=3498"}],"curies":[{"name":"wp","href":"https:\/\/api.w.org\/{rel}","templated":true}]}}