{"id":3482,"date":"2022-02-01T21:28:03","date_gmt":"2022-02-01T20:28:03","guid":{"rendered":"https:\/\/www.rezeitkon.de\/wordpress\/?page_id=3482"},"modified":"2022-06-24T08:41:59","modified_gmt":"2022-06-24T06:41:59","slug":"zeitwohlstandsrechner","status":"publish","type":"page","link":"https:\/\/www.rezeitkon.de\/wordpress\/zeitwohlstandsrechner\/","title":{"rendered":"Zeitwohlstandsrechner"},"content":{"rendered":"<p>[et_pb_section fb_built=&#8220;1&#8243; _builder_version=&#8220;3.18.8&#8243; background_color=&#8220;#84bc41&#8243;][et_pb_row _builder_version=&#8220;3.18.8&#8243;][et_pb_column type=&#8220;4_4&#8243; _builder_version=&#8220;3.18.8&#8243; parallax=&#8220;off&#8220; parallax_method=&#8220;on&#8220;][et_pb_text _builder_version=&#8220;3.18.8&#8243;]<\/p>\n<h2><span style=\"color: #ffffff;\"><strong>Zeitwohlstandsrechner<\/strong><\/span><\/h2>\n<p>[\/et_pb_text][\/et_pb_column][\/et_pb_row][\/et_pb_section][et_pb_section fb_built=&#8220;1&#8243; _builder_version=&#8220;3.18.8&#8243;][et_pb_row _builder_version=&#8220;3.18.8&#8243;][et_pb_column type=&#8220;4_4&#8243; _builder_version=&#8220;3.18.8&#8243; parallax=&#8220;off&#8220; parallax_method=&#8220;on&#8220;][et_pb_image src=&#8220;http:\/\/www.rezeitkon.de\/wordpress\/wp-content\/uploads\/2022\/03\/Zeit-Bild.png&#8220; align=&#8220;center&#8220; _builder_version=&#8220;3.18.8&#8243;][\/et_pb_image][\/et_pb_column][\/et_pb_row][et_pb_row _builder_version=&#8220;3.18.8&#8243;][et_pb_column type=&#8220;1_2&#8243; _builder_version=&#8220;3.18.8&#8243; parallax=&#8220;off&#8220; parallax_method=&#8220;on&#8220;][et_pb_code _builder_version=&#8220;3.18.8&#8243;]<\/p>\n<h1>Herzlich Willkommen beim Zeitwohlstandsrechner!<\/h1>\n<p><!-- [et_pb_line_break_holder] --><\/p>\n<h2 style=\"line-height: 1.25em;font-size: 1.35rem;\">Berechnen Sie Ihren Zeitwohlstand in Ihrem Alltag und lassen Sie sich aufzeigen, wie Sie im Vergleich zu anderen mit Ihrer Zeit umgehen.<\/h2>\n<p>[\/et_pb_code][et_pb_button button_url=&#8220;https:\/\/www.rezeitkon.de\/wordpress\/de\/zeitwohlstandsrechner\/rechner&#8220; button_text=&#8220;Hier geht&#8217;s zum Rechner&#8220; _builder_version=&#8220;3.18.8&#8243; custom_button=&#8220;on&#8220; button_bg_color=&#8220;#84bc41&#8243; button_border_radius=&#8220;0px&#8220; button_font=&#8220;||||||||&#8220; background_layout=&#8220;dark&#8220; background_layout__hover_enabled=&#8220;on&#8220; custom_css_main_element__hover_enabled=&#8220;on&#8220; custom_css_main_element__hover=&#8220;color: white !important&#8220; button_text_color__hover_enabled=&#8220;on&#8220; button_text_color__hover=&#8220;#ffffff&#8220;][\/et_pb_button][et_pb_text _builder_version=&#8220;3.18.8&#8243;]<\/p>\n<p style=\"margin-bottom: 0; margin-top: 0;\">Sie k\u00f6nnen den Zeitwohlstandsrechner nicht nur zur Berechnung Ihres eigenen Zeitwohlstands verwenden, sondern Sie k\u00f6nnen auch Projekte anlegen, die es Ihnen erm\u00f6glichen Gruppenprofile zu erstellen (z.B. f\u00fcr Ihre Schulklasse, Ihren Zeitmanagementkurs, Ihre Familie oder Ihren Arbeitskontext). Die Daten werden selbstverst\u00e4ndlich stets aggregiert und anonym erhoben, so dass keine R\u00fcckschl\u00fcsse auf einzelne Personen gezogen werden k\u00f6nnen.<\/p>\n<p>[\/et_pb_text][et_pb_button button_url=&#8220;https:\/\/www.rezeitkon.de\/wordpress\/de\/projekte-anlegen\/&#8220; button_text=&#8220;Zeitwohlstandsprojekt anlegen&#8220; _builder_version=&#8220;3.18.8&#8243; custom_button=&#8220;on&#8220; button_bg_color=&#8220;#84bc41&#8243; button_border_radius=&#8220;0px&#8220; button_font=&#8220;||||||||&#8220; background_layout=&#8220;dark&#8220; background_layout__hover_enabled=&#8220;on&#8220; custom_css_main_element__hover_enabled=&#8220;on&#8220; custom_css_main_element__hover=&#8220;color: white !important&#8220; button_text_color__hover_enabled=&#8220;on&#8220; button_text_color__hover=&#8220;#ffffff&#8220;][\/et_pb_button][\/et_pb_column][et_pb_column type=&#8220;1_2&#8243; _builder_version=&#8220;3.18.8&#8243; parallax=&#8220;off&#8220; parallax_method=&#8220;on&#8220;][et_pb_code _builder_version=&#8220;3.18.8&#8243;]Der Zeitwohlstandsrechner basiert auf einer wissenschaftlich fundierten <a href=\"https:\/\/doi.org\/10.1016\/j.cresp.2021.100015\" title=\"Messskala\">Messskala<\/a>. Dem Vergleich liegt eine deutschlandweite Repr\u00e4sentativbefragung von Frauen und M\u00e4nnern im Alter zwischen 18 und 67 zu Grunde, welche im Februar 2020 durchgef\u00fchrt wurde. Entwickelt wurde der Zeitwohlstandsrechner im Rahmen des Forschungsprojekts \u201e<a href=\"http:\/\/www.zeit-rebound.de\/\" title=\" Zeit-Rebounds, Zeitwohlstand und Nachhaltiger Konsum\"> Zeit-Rebounds, Zeitwohlstand und Nachhaltiger Konsum<\/a>\u201c. Dieses Projekt wurde vom Bundesministerium f\u00fcr Bildung und Forschung im F\u00f6rderschwerpunkt Forschung f\u00fcr Nachhaltigkeit gef\u00f6rdert.[\/et_pb_code][\/et_pb_column][\/et_pb_row][\/et_pb_section][et_pb_section fb_built=&#8220;1&#8243; _builder_version=&#8220;3.18.8&#8243;][\/et_pb_section][et_pb_section fb_built=&#8220;1&#8243; _builder_version=&#8220;3.18.8&#8243; custom_padding=&#8220;0px|0px|176px|0px|false|false&#8220;][\/et_pb_section]<\/p>\n","protected":false},"excerpt":{"rendered":"<p>[et_pb_section fb_built=&#8220;1&#8243; _builder_version=&#8220;3.18.8&#8243; background_color=&#8220;#84bc41&#8243;][et_pb_row _builder_version=&#8220;3.18.8&#8243;][et_pb_column type=&#8220;4_4&#8243; _builder_version=&#8220;3.18.8&#8243; parallax=&#8220;off&#8220; parallax_method=&#8220;on&#8220;][et_pb_text _builder_version=&#8220;3.18.8&#8243;] Zeitwohlstandsrechner [\/et_pb_text][\/et_pb_column][\/et_pb_row][\/et_pb_section][et_pb_section fb_built=&#8220;1&#8243; _builder_version=&#8220;3.18.8&#8243;][et_pb_row _builder_version=&#8220;3.18.8&#8243;][et_pb_column type=&#8220;4_4&#8243; _builder_version=&#8220;3.18.8&#8243; parallax=&#8220;off&#8220; parallax_method=&#8220;on&#8220;][et_pb_image src=&#8220;http:\/\/www.rezeitkon.de\/wordpress\/wp-content\/uploads\/2022\/03\/Zeit-Bild.png&#8220; align=&#8220;center&#8220; _builder_version=&#8220;3.18.8&#8243;][\/et_pb_image][\/et_pb_column][\/et_pb_row][et_pb_row _builder_version=&#8220;3.18.8&#8243;][et_pb_column type=&#8220;1_2&#8243; _builder_version=&#8220;3.18.8&#8243; parallax=&#8220;off&#8220; parallax_method=&#8220;on&#8220;][et_pb_code _builder_version=&#8220;3.18.8&#8243;] Herzlich Willkommen beim Zeitwohlstandsrechner! Berechnen Sie Ihren Zeitwohlstand in Ihrem Alltag und lassen Sie sich aufzeigen, wie Sie im Vergleich zu anderen mit Ihrer Zeit umgehen. [\/et_pb_code][et_pb_button [&hellip;]<\/p>\n","protected":false},"author":1,"featured_media":0,"parent":0,"menu_order":0,"comment_status":"closed","ping_status":"closed","template":"","meta":{"_et_pb_use_builder":"on","_et_pb_old_content":"<!-- wp:group -->\n<div class=\"wp-block-group\"><div class=\"wp-block-group__inner-container\"><!-- wp:shortcode -->\n[et_pb_section fb_built=\"1\" make_fullwidth=\"on\" make_equal=\"on\" custom_padding_last_edited=\"on|desktop\" admin_label=\"section\" module_class=\"binka_header\" _builder_version=\"3.0.74\" background_color=\"#84bc41\" custom_padding_tablet=\"50px|0|50px|0\" transparent_background=\"off\" padding_mobile=\"off\"][et_pb_row make_fullwidth=\"on\" padding_mobile=\"off\" make_equal=\"on\" admin_label=\"row\" _builder_version=\"3.0.47\" background_size=\"initial\" background_position=\"top_left\" background_repeat=\"repeat\"][et_pb_column type=\"4_4\" _builder_version=\"3.0.47\" parallax=\"off\" parallax_method=\"on\"][et_pb_text _builder_version=\"3.18.8\" background_size=\"initial\" background_position=\"top_left\" background_repeat=\"repeat\" use_border_color=\"off\" border_color=\"#ffffff\" border_style=\"solid\"]\n<h4><strong><span style=\"color: #ffffff;\">Hintergrund<\/span><\/strong><\/h4>\n[\/et_pb_text][\/et_pb_column][\/et_pb_row][\/et_pb_section]\n<!-- \/wp:shortcode --><\/div><\/div>\n<!-- \/wp:group -->\n\n<!-- wp:paragraph -->\n<p>[et_pb_section fb_built=\"1\" admin_label=\"section\" _builder_version=\"3.18.8\"][et_pb_row custom_padding=\"30px|0px|6px|0px|false|false\" admin_label=\"row\" _builder_version=\"3.18.8\" background_size=\"initial\" background_position=\"top_left\" background_repeat=\"repeat\"][et_pb_column type=\"4_4\" _builder_version=\"3.0.47\" parallax=\"off\" parallax_method=\"on\"][et_pb_text _builder_version=\"3.18.8\" background_size=\"initial\" background_position=\"top_left\" background_repeat=\"repeat\" use_border_color=\"off\"]<\/p>\n<!-- \/wp:paragraph -->\n\n<!-- wp:paragraph -->\n<p>Plug-In<\/p>\n<!-- \/wp:paragraph -->"},"_links":{"self":[{"href":"https:\/\/www.rezeitkon.de\/wordpress\/wp-json\/wp\/v2\/pages\/3482"}],"collection":[{"href":"https:\/\/www.rezeitkon.de\/wordpress\/wp-json\/wp\/v2\/pages"}],"about":[{"href":"https:\/\/www.rezeitkon.de\/wordpress\/wp-json\/wp\/v2\/types\/page"}],"author":[{"embeddable":true,"href":"https:\/\/www.rezeitkon.de\/wordpress\/wp-json\/wp\/v2\/users\/1"}],"replies":[{"embeddable":true,"href":"https:\/\/www.rezeitkon.de\/wordpress\/wp-json\/wp\/v2\/comments?post=3482"}],"version-history":[{"count":18,"href":"https:\/\/www.rezeitkon.de\/wordpress\/wp-json\/wp\/v2\/pages\/3482\/revisions"}],"predecessor-version":[{"id":3686,"href":"https:\/\/www.rezeitkon.de\/wordpress\/wp-json\/wp\/v2\/pages\/3482\/revisions\/3686"}],"wp:attachment":[{"href":"https:\/\/www.rezeitkon.de\/wordpress\/wp-json\/wp\/v2\/media?parent=3482"}],"curies":[{"name":"wp","href":"https:\/\/api.w.org\/{rel}","templated":true}]}}