{"id":1999,"date":"2019-01-10T16:52:16","date_gmt":"2019-01-10T15:52:16","guid":{"rendered":"http:\/\/rezeitkon.de\/wordpress\/?page_id=1999"},"modified":"2021-01-06T21:23:23","modified_gmt":"2021-01-06T20:23:23","slug":"ergebnisse","status":"publish","type":"page","link":"https:\/\/www.rezeitkon.de\/wordpress\/ergebnisse\/","title":{"rendered":"Ergebnisse"},"content":{"rendered":"<p>[et_pb_section fb_built=&#8220;1&#8243; make_fullwidth=&#8220;on&#8220; make_equal=&#8220;on&#8220; custom_padding_last_edited=&#8220;on|desktop&#8220; admin_label=&#8220;section&#8220; module_class=&#8220;binka_header&#8220; _builder_version=&#8220;3.0.74&#8243; background_color=&#8220;#84bc41&#8243; custom_padding_tablet=&#8220;50px|0|50px|0&#8243; transparent_background=&#8220;off&#8220; padding_mobile=&#8220;off&#8220;][et_pb_row make_fullwidth=&#8220;on&#8220; padding_mobile=&#8220;off&#8220; make_equal=&#8220;on&#8220; column_padding_mobile=&#8220;on&#8220; admin_label=&#8220;row&#8220; _builder_version=&#8220;3.0.47&#8243; background_size=&#8220;initial&#8220; background_position=&#8220;top_left&#8220; background_repeat=&#8220;repeat&#8220;][et_pb_column type=&#8220;4_4&#8243; _builder_version=&#8220;3.0.47&#8243; column_padding_mobile=&#8220;on&#8220; parallax=&#8220;off&#8220; parallax_method=&#8220;on&#8220;][et_pb_text _builder_version=&#8220;3.18.8&#8243; background_size=&#8220;initial&#8220; background_position=&#8220;top_left&#8220; background_repeat=&#8220;repeat&#8220; use_border_color=&#8220;off&#8220;]<\/p>\n<h4><strong><span style=\"color: #ffffff;\">Ergebnisse<\/span><\/strong><\/h4>\n<p>[\/et_pb_text][\/et_pb_column][\/et_pb_row][\/et_pb_section][et_pb_section fb_built=&#8220;1&#8243; _builder_version=&#8220;3.18.8&#8243;][et_pb_row _builder_version=&#8220;3.18.8&#8243;][et_pb_column type=&#8220;4_4&#8243; _builder_version=&#8220;3.18.8&#8243; parallax=&#8220;off&#8220; parallax_method=&#8220;on&#8220;][et_pb_accordion _builder_version=&#8220;3.18.8&#8243;][et_pb_accordion_item title=&#8220;Arbeitspapier zur Corona-Nachbefragung fertiggestellt&#8220; open=&#8220;on&#8220; _builder_version=&#8220;3.18.8&#8243; title_text_shadow_horizontal_length=&#8220;0em&#8220; title_text_shadow_vertical_length=&#8220;0em&#8220; title_text_shadow_blur_strength=&#8220;0em&#8220; body_text_shadow_horizontal_length=&#8220;0em&#8220; body_text_shadow_vertical_length=&#8220;0em&#8220; body_text_shadow_blur_strength=&#8220;0em&#8220;]<\/p>\n<p>Das Arbeitspapier <a href=\"http:\/\/www.rezeitkon.de\/wordpress\/wp-content\/uploads\/2020\/11\/WP_Gerold_Geiger_Corona.pdf\"><strong>\u201eArbeit, Zeitwohlstand und Nachhaltiger Konsum w\u00e4hrend der Corona-Pandemie<\/strong>\u201c<\/a> von Stefanie Gerold und Sonja Geiger zur Auswertung der Coronabefragung aus dem April 2020 ist fertiggestellt und kann unter der Rubrik <a href=\"http:\/\/www.rezeitkon.de\/wordpress\/de\/publikationenpresse\/\">Publikationen<\/a> oder unter diesem <a href=\"http:\/\/www.rezeitkon.de\/wordpress\/wp-content\/uploads\/2020\/11\/WP_Gerold_Geiger_Corona.pdf\">Link<\/a> abgerufen werden. <\/p>\n<p>[\/et_pb_accordion_item][\/et_pb_accordion][\/et_pb_column][\/et_pb_row][\/et_pb_section][et_pb_section fb_built=&#8220;1&#8243; _builder_version=&#8220;3.18.8&#8243;][et_pb_row custom_padding=&#8220;0|0px|31px|0px|false|false&#8220; _builder_version=&#8220;3.18.8&#8243;][et_pb_column type=&#8220;4_4&#8243; _builder_version=&#8220;3.18.8&#8243; parallax=&#8220;off&#8220; parallax_method=&#8220;on&#8220;][et_pb_divider _builder_version=&#8220;3.18.8&#8243;][\/et_pb_divider][\/et_pb_column][\/et_pb_row][\/et_pb_section][et_pb_section fb_built=&#8220;1&#8243; _builder_version=&#8220;3.18.8&#8243;][et_pb_row custom_padding=&#8220;0|0px|0|0px|false|false&#8220; _builder_version=&#8220;3.18.8&#8243;][et_pb_column type=&#8220;4_4&#8243; _builder_version=&#8220;3.0.47&#8243; parallax=&#8220;off&#8220; parallax_method=&#8220;on&#8220;][et_pb_text _builder_version=&#8220;3.18.8&#8243;]<\/p>\n<p><span style=\"font-size: large;\"><strong>Ausgew\u00e4hlte Ergebnisse der Nachbefragung w\u00e4hrend der Corona-Pandemie im April 2020<\/strong><\/span><\/p>\n<p>Die im Rahmen der Corona-Pandemie in ganz Deutschland getroffenen Ma\u00dfnahmen lassen einen starken Einfluss auf unseren Umgang mit Zeit und bestimmte Konsumgewohnheiten vermuten. Deshalb haben wir im April 2020 spontan eine zweite Befragung durchgef\u00fchrt. Im Vergleich zu der Repr\u00e4sentativbefragung von Februar 2020 (siehe unten) erlaubt diese Nachbefragung \u00c4nderungen in Zeitnutzung, Zeitwohlstand und nachhaltigem Konsum w\u00e4hrend der Corona-Ma\u00dfnahmen zu untersuchen. Dabei wurden dieselben Personen der ersten Welle befragt; allerdings beschr\u00e4nkte sich die Befragung auf erwerbst\u00e4tige Personen (N=963).<\/p>\n<p>Dieses Mal haben wir die Frage gestellt, wof\u00fcr Menschen ihre Zeit haupts\u00e4chlich verwenden, falls sie im Zusammenhang mit der Corona-Pandemie zus\u00e4tzliche freie Zeit haben. Die Wortwolke zeigt alle Antworten, die mindestens drei Mal genannt worden sind. Die Gr\u00f6\u00dfe des Wortes spiegelt die Nennungsh\u00e4ufigkeit wider. Es zeigt sich, dass Menschen ihre freigewordene Zeit oft f\u00fcr T\u00e4tigkeiten in Haus und Garten verwenden. Auch Lesen ist ganz vorne mit dabei. Zeit f\u00fcr Kinder, Familie, Sport, Fernsehen\/Filme oder Hobbies wurde ebenfalls h\u00e4ufig genannt.<\/p>\n<p>F\u00fcr die genauen H\u00e4ufigkeitsverteilungen klicken Sie <a href=\"http:\/\/www.rezeitkon.de\/wordpress\/wp-content\/uploads\/2020\/05\/Haeufigkeitsverteilungen2.pdf\">hier<\/a>.<\/p>\n<p>[\/et_pb_text][\/et_pb_column][\/et_pb_row][\/et_pb_section][et_pb_section fb_built=&#8220;1&#8243; _builder_version=&#8220;3.18.8&#8243;][et_pb_row custom_padding=&#8220;0|0px|30px|0px|false|false&#8220; _builder_version=&#8220;3.18.8&#8243;][et_pb_column type=&#8220;4_4&#8243; _builder_version=&#8220;3.0.47&#8243; parallax=&#8220;off&#8220; parallax_method=&#8220;on&#8220;][et_pb_image src=&#8220;http:\/\/www.rezeitkon.de\/wordpress\/wp-content\/uploads\/2020\/05\/Wortwolke2.jpg&#8220; _builder_version=&#8220;3.18.8&#8243;][\/et_pb_image][et_pb_divider _builder_version=&#8220;3.18.8&#8243;][\/et_pb_divider][et_pb_text _builder_version=&#8220;3.18.8&#8243;]<\/p>\n<p>Diese Ergebnisse m\u00f6gen auf den ersten Blick erstaunen, sehnte sich doch der Gro\u00dfteil der Befragten w\u00e4hrend der ersten Erhebungswelle im Februar 2020 nach mehr Schlaf und Erholung. Allerdings zeigen unsere Daten auch, dass die Menschen im Durschnitt 30 Minuten l\u00e4nger schlafen. So ist die durchschnittliche Schlafdauer w\u00e4hrend der Corona-Pandemie von rund 7,5 auf 8 Stunden gestiegen (t-Test signifikant). Gleichzeitig sank auch die Diskrepanz zwischen gew\u00fcnschter und tats\u00e4chlicher Schlafdauer. W\u00e4hrend sich die Befragten im Februar noch gew\u00fcnscht hatten, 74 Minuten l\u00e4nger zu schlafen, ist das Schlafdefizit w\u00e4hrend der Corona-Pandemie auf 45 Minuten gesunken. Die Menschen scheinen sich also tendenziell ausgeschlafen(er) in die Haus- und Gartenarbeit zu st\u00fcrzen.<\/p>\n<p>Uns hat auch interessiert, inwiefern sich Konsumweisen in Bezug auf Nachhaltigkeit w\u00e4hrend der Corona-Pandemie entwickelt haben. Deutliche Ver\u00e4nderungen sind hier insbesondere im Bereich Ern\u00e4hrung zu erwarten. Da nun viele Restaurants und Kantinen geschlossen haben, k\u00f6nnte man einem Anstieg von Lieferdiensten und Take-Away-Speisen erwarten. W\u00e4hrend es keine signifikanten Ver\u00e4nderungen bei der Inanspruchnahme von Lieferdiensten gab, ist der Konsum von Take-Away-Speisen ist sogar gesunken. Gleichzeitig sehen wir einen starken Anstieg bei der Zubereitung von Mahlzeiten zuhause. Dabei geben die Befragten auch an, etwas h\u00e4ufiger Fleisch zu den Hauptmahlzeiten zu essen.<\/p>\n<p><a href=\"http:\/\/www.rezeitkon.de\/wordpress\/wp-content\/uploads\/2020\/05\/Corona_Graffiti.jpg\"><img loading=\"lazy\" src=\"http:\/\/www.rezeitkon.de\/wordpress\/wp-content\/uploads\/2020\/05\/Corona_Graffiti-300x225.jpg\" alt=\"\" class=\"alignright\" size-medium=\"\" wp-image-2760\"=\"\" width=\"300\" height=\"225\" srcset=\"https:\/\/www.rezeitkon.de\/wordpress\/wp-content\/uploads\/2020\/05\/Corona_Graffiti-300x225.jpg 300w, https:\/\/www.rezeitkon.de\/wordpress\/wp-content\/uploads\/2020\/05\/Corona_Graffiti-768x576.jpg 768w, https:\/\/www.rezeitkon.de\/wordpress\/wp-content\/uploads\/2020\/05\/Corona_Graffiti-1024x768.jpg 1024w, https:\/\/www.rezeitkon.de\/wordpress\/wp-content\/uploads\/2020\/05\/Corona_Graffiti-510x382.jpg 510w, https:\/\/www.rezeitkon.de\/wordpress\/wp-content\/uploads\/2020\/05\/Corona_Graffiti-1080x810.jpg 1080w\" sizes=\"(max-width: 300px) 100vw, 300px\" \/><\/a> <\/p>\n<p>[\/et_pb_text][\/et_pb_column][\/et_pb_row][\/et_pb_section][et_pb_section fb_built=&#8220;1&#8243; _builder_version=&#8220;3.0.47&#8243;][et_pb_row custom_padding=&#8220;30px|0px|0|0px|false|false&#8220; _builder_version=&#8220;3.0.48&#8243; background_size=&#8220;initial&#8220; background_position=&#8220;top_left&#8220; background_repeat=&#8220;repeat&#8220;][et_pb_column type=&#8220;4_4&#8243; _builder_version=&#8220;3.0.47&#8243; parallax=&#8220;off&#8220; parallax_method=&#8220;on&#8220;][et_pb_text _builder_version=&#8220;3.18.8&#8243;]<\/p>\n<p><span style=\"font-size: large;\"><strong>Ausgew\u00e4hlte Ergebnisse der Repr\u00e4sentativbefragung vom Februar 2020<\/strong><\/span><\/p>\n<p>[\/et_pb_text][et_pb_code _builder_version=&#8220;3.0.47&#8243;][\/et_pb_code][\/et_pb_column][\/et_pb_row][\/et_pb_section][et_pb_section fb_built=&#8220;1&#8243; _builder_version=&#8220;3.18.8&#8243;][et_pb_row custom_padding=&#8220;0|0px|0|0px|false|false&#8220; _builder_version=&#8220;3.18.8&#8243;][et_pb_column type=&#8220;4_4&#8243; _builder_version=&#8220;3.0.47&#8243; parallax=&#8220;off&#8220; parallax_method=&#8220;on&#8220;][et_pb_text _builder_version=&#8220;3.18.8&#8243;]<\/p>\n<p>Zur Beantwortung unserer Forschungsfragen haben wir im Februar 2020 eine Repr\u00e4sentativerhebung durchgef\u00fchrt. Diese umfasste Fragen zur Nutzung zeiteffizienter Technik und Praktiken, dem erlebten Zeitwohlstand, nachhaltigen Konsumweisen und subjektivem Wohlbefinden.<br \/> Unter anderem haben wir die Frage gestellt, wof\u00fcr Menschen eine geschenkte zus\u00e4tzliche Stunde am Tag haupts\u00e4chlich verwenden w\u00fcrden.<\/p>\n<p>Die Wortwolke zeigt alle Antworten, die \u00f6fter als f\u00fcnf Mal genannt worden sind. Die Gr\u00f6\u00dfe des Wortes spiegelt die Nennungsh\u00e4ufigkeit wider. Die Wortwolke zeichnet ein Bild einer \u00fcberm\u00fcdeten Gesellschaft, die zun\u00e4chst einmal vor allem ausruhen und schlafen (oder chillen, entspannen, sich erholen oder sonnen) m\u00f6chte, Zeit mit Familie, Kindern, Beziehung und FreundInnen verbringen m\u00f6chte, sowie lesen, anderen Hobbys nachgehen oder Sport treiben will.<\/p>\n<p>F\u00fcr die genauen H\u00e4ufigkeitsverteilungen klicken Sie <a href=\"http:\/\/www.rezeitkon.de\/wordpress\/wp-content\/uploads\/2020\/05\/Haeufigkeitsverteilungen1.pdf\">hier.<\/a><\/p>\n<p>[\/et_pb_text][\/et_pb_column][\/et_pb_row][\/et_pb_section][et_pb_section fb_built=&#8220;1&#8243; _builder_version=&#8220;3.18.8&#8243;][et_pb_row custom_padding=&#8220;0|0px|30px|0px|false|false&#8220; _builder_version=&#8220;3.18.8&#8243;][et_pb_column type=&#8220;4_4&#8243; _builder_version=&#8220;3.0.47&#8243; parallax=&#8220;off&#8220; parallax_method=&#8220;on&#8220;][et_pb_image src=&#8220;http:\/\/www.rezeitkon.de\/wordpress\/wp-content\/uploads\/2020\/05\/Wortwolke1.jpg&#8220; _builder_version=&#8220;3.18.8&#8243;][\/et_pb_image][et_pb_divider _builder_version=&#8220;3.18.8&#8243;][\/et_pb_divider][\/et_pb_column][\/et_pb_row][\/et_pb_section][et_pb_section fb_built=&#8220;1&#8243; custom_padding_last_edited=&#8220;on|desktop&#8220; admin_label=&#8220;section&#8220; _builder_version=&#8220;3.0.74&#8243; custom_padding_tablet=&#8220;50px|0|50px|0&#8243; transparent_background=&#8220;off&#8220; padding_mobile=&#8220;off&#8220;][et_pb_row custom_padding=&#8220;30px|0px|0|0px|false|false&#8220; _builder_version=&#8220;3.0.48&#8243; background_size=&#8220;initial&#8220; background_position=&#8220;top_left&#8220; background_repeat=&#8220;repeat&#8220;][et_pb_column type=&#8220;1_4&#8243; _builder_version=&#8220;3.0.47&#8243; parallax=&#8220;off&#8220; parallax_method=&#8220;on&#8220;][et_pb_text _builder_version=&#8220;3.0.87&#8243; background_size=&#8220;initial&#8220; background_position=&#8220;top_left&#8220; background_repeat=&#8220;repeat&#8220; text_orientation=&#8220;right&#8220; use_border_color=&#8220;off&#8220; border_color=&#8220;#ffffff&#8220; border_style=&#8220;solid&#8220;]<\/p>\n<p style=\"text-align: center;\"><strong>Gef\u00f6rdert durch:<\/strong><\/p>\n<p>[\/et_pb_text][\/et_pb_column][et_pb_column type=&#8220;1_4&#8243; _builder_version=&#8220;3.0.47&#8243; parallax=&#8220;off&#8220; parallax_method=&#8220;on&#8220;][et_pb_image src=&#8220;http:\/\/platzhalter.de-web.cc\/wordpress\/wp-content\/uploads\/2015\/08\/BMBF_Binka-e1442826870677.png&#8220; url=&#8220;http:\/\/www.bmbf.de\/&#8220; url_new_window=&#8220;on&#8220; align=&#8220;right&#8220; _builder_version=&#8220;3.0.87&#8243; use_border_color=&#8220;off&#8220; border_color=&#8220;#ffffff&#8220; border_style=&#8220;solid&#8220; animation=&#8220;off&#8220; sticky=&#8220;off&#8220;]<br \/>\n[\/et_pb_image][\/et_pb_column][et_pb_column type=&#8220;1_4&#8243; _builder_version=&#8220;3.0.47&#8243; parallax=&#8220;off&#8220; parallax_method=&#8220;on&#8220;][et_pb_image src=&#8220;http:\/\/www.rezeitkon.de\/wordpress\/wp-content\/uploads\/2021\/01\/FONA-Sozial-o\u0308kologische-Forschung-4C.jpg&#8220; url=&#8220;http:\/\/www.fona.de&#8220; url_new_window=&#8220;on&#8220; _builder_version=&#8220;3.18.8&#8243; use_border_color=&#8220;off&#8220; border_color=&#8220;#ffffff&#8220; border_style=&#8220;solid&#8220; animation=&#8220;off&#8220; sticky=&#8220;off&#8220;]<br \/>\n[\/et_pb_image][\/et_pb_column][et_pb_column type=&#8220;1_4&#8243; _builder_version=&#8220;3.0.47&#8243; parallax=&#8220;off&#8220; parallax_method=&#8220;on&#8220;][\/et_pb_column][\/et_pb_row][\/et_pb_section]<\/p>\n","protected":false},"excerpt":{"rendered":"<p>[et_pb_section fb_built=&#8220;1&#8243; make_fullwidth=&#8220;on&#8220; make_equal=&#8220;on&#8220; custom_padding_last_edited=&#8220;on|desktop&#8220; admin_label=&#8220;section&#8220; module_class=&#8220;binka_header&#8220; _builder_version=&#8220;3.0.74&#8243; background_color=&#8220;#84bc41&#8243; custom_padding_tablet=&#8220;50px|0|50px|0&#8243; transparent_background=&#8220;off&#8220; padding_mobile=&#8220;off&#8220;][et_pb_row make_fullwidth=&#8220;on&#8220; padding_mobile=&#8220;off&#8220; make_equal=&#8220;on&#8220; column_padding_mobile=&#8220;on&#8220; admin_label=&#8220;row&#8220; _builder_version=&#8220;3.0.47&#8243; background_size=&#8220;initial&#8220; background_position=&#8220;top_left&#8220; background_repeat=&#8220;repeat&#8220;][et_pb_column type=&#8220;4_4&#8243; _builder_version=&#8220;3.0.47&#8243; column_padding_mobile=&#8220;on&#8220; parallax=&#8220;off&#8220; parallax_method=&#8220;on&#8220;][et_pb_text _builder_version=&#8220;3.18.8&#8243; background_size=&#8220;initial&#8220; background_position=&#8220;top_left&#8220; background_repeat=&#8220;repeat&#8220; use_border_color=&#8220;off&#8220;] Ergebnisse [\/et_pb_text][\/et_pb_column][\/et_pb_row][\/et_pb_section][et_pb_section fb_built=&#8220;1&#8243; _builder_version=&#8220;3.18.8&#8243;][et_pb_row _builder_version=&#8220;3.18.8&#8243;][et_pb_column type=&#8220;4_4&#8243; _builder_version=&#8220;3.18.8&#8243; parallax=&#8220;off&#8220; parallax_method=&#8220;on&#8220;][et_pb_accordion _builder_version=&#8220;3.18.8&#8243;][et_pb_accordion_item title=&#8220;Arbeitspapier zur Corona-Nachbefragung fertiggestellt&#8220; open=&#8220;on&#8220; _builder_version=&#8220;3.18.8&#8243; title_text_shadow_horizontal_length=&#8220;0em&#8220; title_text_shadow_vertical_length=&#8220;0em&#8220; title_text_shadow_blur_strength=&#8220;0em&#8220; body_text_shadow_horizontal_length=&#8220;0em&#8220; body_text_shadow_vertical_length=&#8220;0em&#8220; body_text_shadow_blur_strength=&#8220;0em&#8220;] Das Arbeitspapier [&hellip;]<\/p>\n","protected":false},"author":1,"featured_media":0,"parent":0,"menu_order":0,"comment_status":"closed","ping_status":"closed","template":"","meta":{"_et_pb_use_builder":"on","_et_pb_old_content":""},"_links":{"self":[{"href":"https:\/\/www.rezeitkon.de\/wordpress\/wp-json\/wp\/v2\/pages\/1999"}],"collection":[{"href":"https:\/\/www.rezeitkon.de\/wordpress\/wp-json\/wp\/v2\/pages"}],"about":[{"href":"https:\/\/www.rezeitkon.de\/wordpress\/wp-json\/wp\/v2\/types\/page"}],"author":[{"embeddable":true,"href":"https:\/\/www.rezeitkon.de\/wordpress\/wp-json\/wp\/v2\/users\/1"}],"replies":[{"embeddable":true,"href":"https:\/\/www.rezeitkon.de\/wordpress\/wp-json\/wp\/v2\/comments?post=1999"}],"version-history":[{"count":28,"href":"https:\/\/www.rezeitkon.de\/wordpress\/wp-json\/wp\/v2\/pages\/1999\/revisions"}],"predecessor-version":[{"id":3059,"href":"https:\/\/www.rezeitkon.de\/wordpress\/wp-json\/wp\/v2\/pages\/1999\/revisions\/3059"}],"wp:attachment":[{"href":"https:\/\/www.rezeitkon.de\/wordpress\/wp-json\/wp\/v2\/media?parent=1999"}],"curies":[{"name":"wp","href":"https:\/\/api.w.org\/{rel}","templated":true}]}}