{"id":1929,"date":"2019-01-09T16:30:52","date_gmt":"2019-01-09T15:30:52","guid":{"rendered":"http:\/\/rezeitkon.de\/wordpress\/?page_id=1929"},"modified":"2021-01-06T21:22:29","modified_gmt":"2021-01-06T20:22:29","slug":"projektbeirat","status":"publish","type":"page","link":"https:\/\/www.rezeitkon.de\/wordpress\/projektbeirat\/","title":{"rendered":"Projektbeirat"},"content":{"rendered":"<p>[et_pb_section fb_built=&#8220;1&#8243; make_fullwidth=&#8220;on&#8220; make_equal=&#8220;on&#8220; custom_padding_last_edited=&#8220;on|desktop&#8220; admin_label=&#8220;section&#8220; module_class=&#8220;binka_header&#8220; _builder_version=&#8220;3.18.8&#8243; background_color=&#8220;#84bc41&#8243; custom_padding_tablet=&#8220;50px|0|50px|0&#8243; transparent_background=&#8220;off&#8220; padding_mobile=&#8220;off&#8220;][et_pb_row make_fullwidth=&#8220;on&#8220; padding_mobile=&#8220;off&#8220; make_equal=&#8220;on&#8220; column_padding_mobile=&#8220;on&#8220; admin_label=&#8220;row&#8220; _builder_version=&#8220;3.0.47&#8243; background_size=&#8220;initial&#8220; background_position=&#8220;top_left&#8220; background_repeat=&#8220;repeat&#8220;][et_pb_column type=&#8220;4_4&#8243; _builder_version=&#8220;3.0.47&#8243; column_padding_mobile=&#8220;on&#8220; parallax=&#8220;off&#8220; parallax_method=&#8220;on&#8220;][et_pb_text _builder_version=&#8220;3.18.8&#8243; background_size=&#8220;initial&#8220; background_position=&#8220;top_left&#8220; background_repeat=&#8220;repeat&#8220; use_border_color=&#8220;off&#8220; border_style=&#8220;solid&#8220;]<\/p>\n<h4><strong><span style=\"color: #ffffff;\">Projektbeirat<\/span><\/strong><\/h4>\n<p>[\/et_pb_text][\/et_pb_column][\/et_pb_row][\/et_pb_section][et_pb_section fb_built=&#8220;1&#8243; custom_padding_last_edited=&#8220;on|desktop&#8220; _builder_version=&#8220;3.0.74&#8243; custom_padding_tablet=&#8220;50px|0|50px|0&#8243; transparent_background=&#8220;off&#8220; padding_mobile=&#8220;off&#8220;][et_pb_row column_padding_mobile=&#8220;on&#8220; _builder_version=&#8220;3.0.47&#8243; background_size=&#8220;initial&#8220; background_position=&#8220;top_left&#8220; background_repeat=&#8220;repeat&#8220; custom_padding=&#8220;0|0px|30px|0px|false|false&#8220;][et_pb_column type=&#8220;4_4&#8243; _builder_version=&#8220;3.0.47&#8243; column_padding_mobile=&#8220;on&#8220; parallax=&#8220;off&#8220; parallax_method=&#8220;on&#8220;][et_pb_text _builder_version=&#8220;3.18.8&#8243; background_size=&#8220;initial&#8220; background_position=&#8220;top_left&#8220; background_repeat=&#8220;repeat&#8220; use_border_color=&#8220;off&#8220;][\/et_pb_text][et_pb_code _builder_version=&#8220;3.18.8&#8243;][\/et_pb_code][\/et_pb_column][\/et_pb_row][\/et_pb_section][et_pb_section fb_built=&#8220;1&#8243; _builder_version=&#8220;3.0.47&#8243;][et_pb_row _builder_version=&#8220;3.0.48&#8243; background_size=&#8220;initial&#8220; background_position=&#8220;top_left&#8220; background_repeat=&#8220;repeat&#8220;][et_pb_column type=&#8220;1_4&#8243; _builder_version=&#8220;3.0.47&#8243; parallax=&#8220;off&#8220; parallax_method=&#8220;on&#8220;][et_pb_image src=&#8220;http:\/\/rezeitkon.de\/wordpress\/wp-content\/uploads\/2019\/01\/logo-vzbv.png&#8220; _builder_version=&#8220;3.18.8&#8243;][\/et_pb_image][\/et_pb_column][et_pb_column type=&#8220;3_4&#8243; _builder_version=&#8220;3.0.47&#8243; parallax=&#8220;off&#8220; parallax_method=&#8220;on&#8220;][et_pb_team_member name=&#8220;Dr. Vera Fricke&#8220; position=&#8220;Verbaucherzentrale Bundesverband&#8220; admin_label=&#8220;Person _ Dr. Vera Fricke&#8220; _builder_version=&#8220;3.18.8&#8243;]<\/p>\n<div>Dr. Vera Fricke verantwortet den Bereich Verbraucherbildung im Verbraucherzentrale Bundesverband (vzbv). Sie leitet hier unter anderem das Projekt zum Materialkompass-Portal, durch das Unterrichtsmaterialien (auch zum nachhaltigen Konsum) bewertet und verbreitet werden. Ihre Dissertation fokussierte auf M\u00f6glichkeiten der Suffizienzkommunikation durch Unternehmen.<\/div>\n<p>[\/et_pb_team_member][\/et_pb_column][\/et_pb_row][\/et_pb_section][et_pb_section fb_built=&#8220;1&#8243; _builder_version=&#8220;3.0.47&#8243;][et_pb_row _builder_version=&#8220;3.0.48&#8243; background_size=&#8220;initial&#8220; background_position=&#8220;top_left&#8220; background_repeat=&#8220;repeat&#8220;][et_pb_column type=&#8220;4_4&#8243; _builder_version=&#8220;3.0.47&#8243; parallax=&#8220;off&#8220; parallax_method=&#8220;on&#8220;][et_pb_divider _builder_version=&#8220;3.18.8&#8243;][\/et_pb_divider][\/et_pb_column][\/et_pb_row][\/et_pb_section][et_pb_section fb_built=&#8220;1&#8243; _builder_version=&#8220;3.0.47&#8243;][et_pb_row _builder_version=&#8220;3.0.48&#8243; background_size=&#8220;initial&#8220; background_position=&#8220;top_left&#8220; background_repeat=&#8220;repeat&#8220;][et_pb_column type=&#8220;1_4&#8243; _builder_version=&#8220;3.0.47&#8243; parallax=&#8220;off&#8220; parallax_method=&#8220;on&#8220;][et_pb_image src=&#8220;http:\/\/rezeitkon.de\/wordpress\/wp-content\/uploads\/2019\/01\/Logo_Diakonie_Deutschland_neu_2.jpg&#8220; _builder_version=&#8220;3.18.8&#8243;][\/et_pb_image][\/et_pb_column][et_pb_column type=&#8220;3_4&#8243; _builder_version=&#8220;3.0.47&#8243; parallax=&#8220;off&#8220; parallax_method=&#8220;on&#8220;][et_pb_team_member name=&#8220;Dr. Annett Herrmann&#8220; position=&#8220;Diakonie Deutschland&#8220; admin_label=&#8220;Person _ Dr. Annett Herrmann&#8220; _builder_version=&#8220;3.18.8&#8243;]<\/p>\n<div>\n<div>Dr. Annett Herrmann ist im Vorstandsbereich Sozialpolitik der Diakonie Deutschland und in diesem Rahmen auch als Gesch\u00e4ftsf\u00fchrerin des Bundesverbands evangelischer Ausbildungsst\u00e4tten f\u00fcr Sozialp\u00e4dagogik (BeA) t\u00e4tig. Sie hat ihre Dissertation sowie zahlreiche weitere Artikel zu Zeittheorie und Zeitpolitik verfasst.<\/div>\n<\/div>\n<p>[\/et_pb_team_member][\/et_pb_column][\/et_pb_row][\/et_pb_section][et_pb_section fb_built=&#8220;1&#8243; _builder_version=&#8220;3.0.47&#8243;][et_pb_row _builder_version=&#8220;3.0.48&#8243; background_size=&#8220;initial&#8220; background_position=&#8220;top_left&#8220; background_repeat=&#8220;repeat&#8220;][et_pb_column type=&#8220;4_4&#8243; _builder_version=&#8220;3.0.47&#8243; parallax=&#8220;off&#8220; parallax_method=&#8220;on&#8220;][et_pb_divider _builder_version=&#8220;3.18.8&#8243;][\/et_pb_divider][\/et_pb_column][\/et_pb_row][\/et_pb_section][et_pb_section fb_built=&#8220;1&#8243; _builder_version=&#8220;3.0.47&#8243;][et_pb_row _builder_version=&#8220;3.0.48&#8243; background_size=&#8220;initial&#8220; background_position=&#8220;top_left&#8220; background_repeat=&#8220;repeat&#8220;][et_pb_column type=&#8220;1_4&#8243; _builder_version=&#8220;3.0.47&#8243; parallax=&#8220;off&#8220; parallax_method=&#8220;on&#8220;][et_pb_image src=&#8220;http:\/\/rezeitkon.de\/wordpress\/wp-content\/uploads\/2019\/01\/1200px-DGB.svg_.png&#8220; _builder_version=&#8220;3.18.8&#8243;][\/et_pb_image][\/et_pb_column][et_pb_column type=&#8220;3_4&#8243; _builder_version=&#8220;3.0.47&#8243; parallax=&#8220;off&#8220; parallax_method=&#8220;on&#8220;][et_pb_team_member name=&#8220;Dr. Kai Lindemann&#8220; position=&#8220;Deutscher Gewerkschaftsbund&#8220; admin_label=&#8220;Person _ Dr. Kai Lindemann&#8220; _builder_version=&#8220;3.18.8&#8243;]<\/p>\n<div>\n<div>\n<div>Dr. Kai Lindemann leitet beim DGB Bundesvorstand das Referat \u201eArbeitswelt und gesellschaftlicher Zusammenhalt\u201c. Dort ist er u.a. f\u00fcr gesellschaftspolitische Fragen der Nachhaltigkeit und Digitalisierung zust\u00e4ndig, zu denen auch die Arbeitszeitpolitik z\u00e4hlt. Seit 2013 hat er zu diesen Themen 3 Ringvorlesungen an der TU Berlin organisiert.<\/div>\n<\/div>\n<\/div>\n<p>[\/et_pb_team_member][\/et_pb_column][\/et_pb_row][\/et_pb_section][et_pb_section fb_built=&#8220;1&#8243; _builder_version=&#8220;3.0.47&#8243;][et_pb_row _builder_version=&#8220;3.0.48&#8243; background_size=&#8220;initial&#8220; background_position=&#8220;top_left&#8220; background_repeat=&#8220;repeat&#8220;][et_pb_column type=&#8220;4_4&#8243; _builder_version=&#8220;3.0.47&#8243; parallax=&#8220;off&#8220; parallax_method=&#8220;on&#8220;][et_pb_divider _builder_version=&#8220;3.18.8&#8243;][\/et_pb_divider][\/et_pb_column][\/et_pb_row][\/et_pb_section][et_pb_section fb_built=&#8220;1&#8243; _builder_version=&#8220;3.0.47&#8243;][et_pb_row _builder_version=&#8220;3.0.48&#8243; background_size=&#8220;initial&#8220; background_position=&#8220;top_left&#8220; background_repeat=&#8220;repeat&#8220;][et_pb_column type=&#8220;1_4&#8243; _builder_version=&#8220;3.0.47&#8243; parallax=&#8220;off&#8220; parallax_method=&#8220;on&#8220;][et_pb_image src=&#8220;http:\/\/rezeitkon.de\/wordpress\/wp-content\/uploads\/2019\/01\/ZP_logo_130.gif&#8220; align=&#8220;center&#8220; _builder_version=&#8220;3.18.8&#8243;][\/et_pb_image][\/et_pb_column][et_pb_column type=&#8220;3_4&#8243; _builder_version=&#8220;3.0.47&#8243; parallax=&#8220;off&#8220; parallax_method=&#8220;on&#8220;][et_pb_team_member name=&#8220;Prof. Dr. Fritz Reheis&#8220; position=&#8220;Deutsche Gesellschaft f\u00fcr Zeitpolitik&#8220; admin_label=&#8220;Person _ Prof. Dr. Fritz Reheis&#8220; _builder_version=&#8220;3.18.8&#8243;]<\/p>\n<div>\n<div>\n<div>\n<div>Prof. Dr. Fritz Reheis war bis 2015 Hochschullehrer f\u00fcr Didaktik der Sozialkunde an der Otto-Friedrich-Universit\u00e4t Bamberg. Au\u00dferdem ist er Autor zahlreicher B\u00fccher zu Zeit, Bildung und Nachhaltigkeit sowie Mitgr\u00fcnder der Deutschen Gesellschaft f\u00fcr Zeitpolitik.<\/div>\n<\/div>\n<\/div>\n<\/div>\n<p>[\/et_pb_team_member][\/et_pb_column][\/et_pb_row][\/et_pb_section][et_pb_section fb_built=&#8220;1&#8243; _builder_version=&#8220;3.0.47&#8243;][et_pb_row _builder_version=&#8220;3.0.48&#8243; background_size=&#8220;initial&#8220; background_position=&#8220;top_left&#8220; background_repeat=&#8220;repeat&#8220;][et_pb_column type=&#8220;4_4&#8243; _builder_version=&#8220;3.0.47&#8243; parallax=&#8220;off&#8220; parallax_method=&#8220;on&#8220;][et_pb_divider _builder_version=&#8220;3.18.8&#8243;][\/et_pb_divider][\/et_pb_column][\/et_pb_row][\/et_pb_section][et_pb_section fb_built=&#8220;1&#8243; _builder_version=&#8220;3.0.47&#8243;][et_pb_row _builder_version=&#8220;3.0.48&#8243; background_size=&#8220;initial&#8220; background_position=&#8220;top_left&#8220; background_repeat=&#8220;repeat&#8220;][et_pb_column type=&#8220;1_4&#8243; _builder_version=&#8220;3.0.47&#8243; parallax=&#8220;off&#8220; parallax_method=&#8220;on&#8220;][et_pb_image src=&#8220;http:\/\/rezeitkon.de\/wordpress\/wp-content\/uploads\/2019\/01\/Ver_di.svg_.png&#8220; _builder_version=&#8220;3.18.8&#8243; max_width=&#8220;80%&#8220;][\/et_pb_image][\/et_pb_column][et_pb_column type=&#8220;3_4&#8243; _builder_version=&#8220;3.0.47&#8243; parallax=&#8220;off&#8220; parallax_method=&#8220;on&#8220;][et_pb_team_member name=&#8220;PD Dr. Norbert Reuter&#8220; position=&#8220;Vereinte Dienstleistungsgewerkschaft &#8211; ver.di&#8220; admin_label=&#8220;Person _ PD Dr. Norbert Reuter&#8220; _builder_version=&#8220;3.18.8&#8243;]<\/p>\n<div>\n<div>\n<div>\n<div>\n<div>PD Dr. Norbert Reuter leitet die Tarifpolitische Grundsatzabteilung bei ver.di- Vereinte Dienstleistungsgewerkschaft und ist ehemaliges Mitglied der Enquete-Kommission \u201eWachstum, Wohlstand, Lebensqualit\u00e4t\u201c.<\/div>\n<\/div>\n<\/div>\n<\/div>\n<\/div>\n<p>[\/et_pb_team_member][\/et_pb_column][\/et_pb_row][\/et_pb_section][et_pb_section fb_built=&#8220;1&#8243; _builder_version=&#8220;3.0.47&#8243;][et_pb_row _builder_version=&#8220;3.0.48&#8243; background_size=&#8220;initial&#8220; background_position=&#8220;top_left&#8220; background_repeat=&#8220;repeat&#8220;][et_pb_column type=&#8220;4_4&#8243; _builder_version=&#8220;3.0.47&#8243; parallax=&#8220;off&#8220; parallax_method=&#8220;on&#8220;][et_pb_divider _builder_version=&#8220;3.18.8&#8243;][\/et_pb_divider][\/et_pb_column][\/et_pb_row][\/et_pb_section][et_pb_section fb_built=&#8220;1&#8243; _builder_version=&#8220;3.0.47&#8243;][et_pb_row _builder_version=&#8220;3.0.48&#8243; background_size=&#8220;initial&#8220; background_position=&#8220;top_left&#8220; background_repeat=&#8220;repeat&#8220;][et_pb_column type=&#8220;1_4&#8243; _builder_version=&#8220;3.0.47&#8243; parallax=&#8220;off&#8220; parallax_method=&#8220;on&#8220;][et_pb_image src=&#8220;http:\/\/rezeitkon.de\/wordpress\/wp-content\/uploads\/2019\/01\/ZP_logo_130.gif&#8220; align=&#8220;center&#8220; _builder_version=&#8220;3.18.8&#8243;][\/et_pb_image][\/et_pb_column][et_pb_column type=&#8220;3_4&#8243; _builder_version=&#8220;3.0.47&#8243; parallax=&#8220;off&#8220; parallax_method=&#8220;on&#8220;][et_pb_team_member name=&#8220;Dr. J\u00fcrgen P. Rinderspacher&#8220; position=&#8220;Deutsche Gesellschaft f\u00fcr Zeitpolitik&#8220; admin_label=&#8220;Person _ Dr. J\u00fcrgen P. Rinderspacher&#8220; _builder_version=&#8220;3.18.8&#8243;]<\/p>\n<div>\n<div>\n<div>\n<div>\n<div>\n<div>\n<p>Dr. J\u00fcrgen P. Rinderspacher ist Vorstandsmitglied und Mitbegr\u00fcnder der Deutschen Gesellschaft f\u00fcr Zeitpolitik und am Institut f\u00fcr Ethik und angrenzende Sozialwissenschaften der Westf\u00e4lischen Wilhelms-Universit\u00e4t M\u00fcnster t\u00e4tig. Er hat seit den 1990er Jahren in Deutschland ma\u00dfgeblich den Begriff Zeitwohlstand gepr\u00e4gt.<\/p>\n<div id=\"wpwrap\">\n<div id=\"wpcontent\">\u00a0<\/div>\n<\/div>\n<\/div>\n<\/div>\n<\/div>\n<\/div>\n<\/div>\n<\/div>\n<p>[\/et_pb_team_member][\/et_pb_column][\/et_pb_row][\/et_pb_section][et_pb_section fb_built=&#8220;1&#8243; _builder_version=&#8220;3.0.47&#8243;][et_pb_row _builder_version=&#8220;3.0.48&#8243; background_size=&#8220;initial&#8220; background_position=&#8220;top_left&#8220; background_repeat=&#8220;repeat&#8220;][et_pb_column type=&#8220;4_4&#8243; _builder_version=&#8220;3.0.47&#8243; parallax=&#8220;off&#8220; parallax_method=&#8220;on&#8220;][et_pb_divider _builder_version=&#8220;3.18.8&#8243;][\/et_pb_divider][\/et_pb_column][\/et_pb_row][\/et_pb_section][et_pb_section fb_built=&#8220;1&#8243; _builder_version=&#8220;3.0.47&#8243;][et_pb_row _builder_version=&#8220;3.0.48&#8243; background_size=&#8220;initial&#8220; background_position=&#8220;top_left&#8220; background_repeat=&#8220;repeat&#8220;][et_pb_column type=&#8220;1_4&#8243; _builder_version=&#8220;3.0.47&#8243; parallax=&#8220;off&#8220; parallax_method=&#8220;on&#8220;][et_pb_image src=&#8220;http:\/\/rezeitkon.de\/wordpress\/wp-content\/uploads\/2019\/01\/nachwuchsgruppe-logo.png&#8220; align=&#8220;center&#8220; _builder_version=&#8220;3.18.8&#8243;][\/et_pb_image][\/et_pb_column][et_pb_column type=&#8220;3_4&#8243; _builder_version=&#8220;3.0.47&#8243; parallax=&#8220;off&#8220; parallax_method=&#8220;on&#8220;][et_pb_team_member name=&#8220;Prof. Dr. Tilman Santarius&#8220; position=&#8220;Forschungsgruppe Digitalisierung und sozial-\u00f6kologische Transformation&#8220; admin_label=&#8220;Person _ Prof. Dr. Tilman Santarius&#8220; _builder_version=&#8220;3.18.8&#8243;]<\/p>\n<div>\n<div>\n<div>\n<div>\n<div>\n<div>\n<div id=\"wpwrap\">\n<div id=\"wpcontent\">Prof. Dr. Tilman Santarius leitet die Nachwuchsforschungsgruppe <span class=\"st\">\u201eNachhaltige Digitalisierung und sozial-\u00f6kologische Transformation<em>\u201c<\/em>. Er ist Professor f\u00fcr Sozial-\u00d6kologische Transformation und Nachhaltige Digitalisierung an der TU Berlin, ehrenamtliches Aufsichtsratsmitglied bei Greenpeace Deutschland und Autor der B\u00fccher &#8222;Der Rebound-Effekt&#8220; und &#8222;Smarte Gr\u00fcne Welt?&#8220;.<br \/><\/span><\/div>\n<div>\u00a0<\/div>\n<div>\u00a0<\/div>\n<\/div>\n<\/div>\n<\/div>\n<\/div>\n<\/div>\n<\/div>\n<\/div>\n<p>[\/et_pb_team_member][\/et_pb_column][\/et_pb_row][\/et_pb_section][et_pb_section fb_built=&#8220;1&#8243; _builder_version=&#8220;3.0.47&#8243;][et_pb_row _builder_version=&#8220;3.0.48&#8243; background_size=&#8220;initial&#8220; background_position=&#8220;top_left&#8220; background_repeat=&#8220;repeat&#8220;][et_pb_column type=&#8220;4_4&#8243; _builder_version=&#8220;3.0.47&#8243; parallax=&#8220;off&#8220; parallax_method=&#8220;on&#8220;][et_pb_divider _builder_version=&#8220;3.18.8&#8243;][\/et_pb_divider][\/et_pb_column][\/et_pb_row][\/et_pb_section][et_pb_section fb_built=&#8220;1&#8243; _builder_version=&#8220;3.0.47&#8243;][et_pb_row _builder_version=&#8220;3.0.48&#8243; background_size=&#8220;initial&#8220; background_position=&#8220;top_left&#8220; background_repeat=&#8220;repeat&#8220;][et_pb_column type=&#8220;1_4&#8243; _builder_version=&#8220;3.0.47&#8243; parallax=&#8220;off&#8220; parallax_method=&#8220;on&#8220;][et_pb_image src=&#8220;http:\/\/rezeitkon.de\/wordpress\/wp-content\/uploads\/2019\/01\/bundlogo_standard_kurz400.png&#8220; _builder_version=&#8220;3.18.8&#8243;][\/et_pb_image][\/et_pb_column][et_pb_column type=&#8220;3_4&#8243; _builder_version=&#8220;3.0.47&#8243; parallax=&#8220;off&#8220; parallax_method=&#8220;on&#8220;][et_pb_team_member name=&#8220;Prof. Dr. Angelika Zahrnt&#8220; position=&#8220;Bund f\u00fcr Umwelt und Naturschutz Deutschland \u2013 BUND e.V.&#8220; admin_label=&#8220;Person _ Prof. Dr. Angelika Zahrnt&#8220; _builder_version=&#8220;3.18.8&#8243;]<\/p>\n<div>\n<div>\n<div>\n<div>\n<div>\n<div>\n<p>Prof. Dr. Angelika Zahrnt ist Ehrenvorsitzende des BUND (Bund f\u00fcr Umwelt und Naturschutz Deutschland), Fellow am Institut f\u00fcr \u00f6kologische Wirtschaftsforschung (I\u00d6W) und Mitglied im Rat f\u00fcr Nachhaltige Entwicklung (RNE). <span lang=\"de\">Mit der Bedeutung von Suffizienz hat sie sich seit den 90iger Jahren auseinandergesetzt und 2013 das Buch \u201eDamit gutes Leben einfacher wird \u2013Perspektiven einer Suffizienzpolitik\u201c gemeinsam mit Uwe Schneidewind ver\u00f6ffentlicht.<\/span><\/p>\n<\/div>\n<\/div>\n<\/div>\n<\/div>\n<\/div>\n<\/div>\n<p>[\/et_pb_team_member][\/et_pb_column][\/et_pb_row][\/et_pb_section][et_pb_section fb_built=&#8220;1&#8243; _builder_version=&#8220;3.0.47&#8243;][et_pb_row _builder_version=&#8220;3.0.48&#8243; background_size=&#8220;initial&#8220; background_position=&#8220;top_left&#8220; background_repeat=&#8220;repeat&#8220;][et_pb_column type=&#8220;4_4&#8243; _builder_version=&#8220;3.0.47&#8243; parallax=&#8220;off&#8220; parallax_method=&#8220;on&#8220;][et_pb_divider _builder_version=&#8220;3.18.8&#8243;][\/et_pb_divider][\/et_pb_column][\/et_pb_row][\/et_pb_section][et_pb_section fb_built=&#8220;1&#8243; _builder_version=&#8220;3.0.47&#8243;][\/et_pb_section][et_pb_section fb_built=&#8220;1&#8243; _builder_version=&#8220;3.0.47&#8243;][et_pb_row custom_padding=&#8220;30px|0px|0|0px|false|false&#8220; _builder_version=&#8220;3.0.48&#8243; background_size=&#8220;initial&#8220; background_position=&#8220;top_left&#8220; background_repeat=&#8220;repeat&#8220;][et_pb_column type=&#8220;1_4&#8243; _builder_version=&#8220;3.0.47&#8243; parallax=&#8220;off&#8220; parallax_method=&#8220;on&#8220;][et_pb_text _builder_version=&#8220;3.0.87&#8243; background_size=&#8220;initial&#8220; background_position=&#8220;top_left&#8220; background_repeat=&#8220;repeat&#8220; text_orientation=&#8220;right&#8220; use_border_color=&#8220;off&#8220; border_color=&#8220;#ffffff&#8220; border_style=&#8220;solid&#8220;]<\/p>\n<p style=\"text-align: center;\"><strong>Gef\u00f6rdert durch:<\/strong><\/p>\n<p>[\/et_pb_text][\/et_pb_column][et_pb_column type=&#8220;1_4&#8243; _builder_version=&#8220;3.0.47&#8243; parallax=&#8220;off&#8220; parallax_method=&#8220;on&#8220;][et_pb_image src=&#8220;http:\/\/platzhalter.de-web.cc\/wordpress\/wp-content\/uploads\/2015\/08\/BMBF_Binka-e1442826870677.png&#8220; url=&#8220;http:\/\/www.bmbf.de\/&#8220; url_new_window=&#8220;on&#8220; align=&#8220;right&#8220; _builder_version=&#8220;3.0.87&#8243; use_border_color=&#8220;off&#8220; border_color=&#8220;#ffffff&#8220; border_style=&#8220;solid&#8220; animation=&#8220;off&#8220; sticky=&#8220;off&#8220;]<br \/>\n[\/et_pb_image][\/et_pb_column][et_pb_column type=&#8220;1_4&#8243; _builder_version=&#8220;3.0.47&#8243; parallax=&#8220;off&#8220; parallax_method=&#8220;on&#8220;][et_pb_image src=&#8220;http:\/\/www.rezeitkon.de\/wordpress\/wp-content\/uploads\/2021\/01\/FONA-Sozial-o\u0308kologische-Forschung-4C.jpg&#8220; url=&#8220;http:\/\/www.fona.de&#8220; url_new_window=&#8220;on&#8220; _builder_version=&#8220;3.18.8&#8243; use_border_color=&#8220;off&#8220; border_color=&#8220;#ffffff&#8220; border_style=&#8220;solid&#8220; animation=&#8220;off&#8220; sticky=&#8220;off&#8220;]<br \/>\n[\/et_pb_image][\/et_pb_column][et_pb_column type=&#8220;1_4&#8243; _builder_version=&#8220;3.0.47&#8243; parallax=&#8220;off&#8220; parallax_method=&#8220;on&#8220;][\/et_pb_column][\/et_pb_row][\/et_pb_section]<\/p>\n","protected":false},"excerpt":{"rendered":"<p>[et_pb_section fb_built=&#8220;1&#8243; make_fullwidth=&#8220;on&#8220; make_equal=&#8220;on&#8220; custom_padding_last_edited=&#8220;on|desktop&#8220; admin_label=&#8220;section&#8220; module_class=&#8220;binka_header&#8220; _builder_version=&#8220;3.18.8&#8243; background_color=&#8220;#84bc41&#8243; custom_padding_tablet=&#8220;50px|0|50px|0&#8243; transparent_background=&#8220;off&#8220; padding_mobile=&#8220;off&#8220;][et_pb_row make_fullwidth=&#8220;on&#8220; padding_mobile=&#8220;off&#8220; make_equal=&#8220;on&#8220; column_padding_mobile=&#8220;on&#8220; admin_label=&#8220;row&#8220; _builder_version=&#8220;3.0.47&#8243; background_size=&#8220;initial&#8220; background_position=&#8220;top_left&#8220; background_repeat=&#8220;repeat&#8220;][et_pb_column type=&#8220;4_4&#8243; _builder_version=&#8220;3.0.47&#8243; column_padding_mobile=&#8220;on&#8220; parallax=&#8220;off&#8220; parallax_method=&#8220;on&#8220;][et_pb_text _builder_version=&#8220;3.18.8&#8243; background_size=&#8220;initial&#8220; background_position=&#8220;top_left&#8220; background_repeat=&#8220;repeat&#8220; use_border_color=&#8220;off&#8220; border_style=&#8220;solid&#8220;] Projektbeirat [\/et_pb_text][\/et_pb_column][\/et_pb_row][\/et_pb_section][et_pb_section fb_built=&#8220;1&#8243; custom_padding_last_edited=&#8220;on|desktop&#8220; _builder_version=&#8220;3.0.74&#8243; custom_padding_tablet=&#8220;50px|0|50px|0&#8243; transparent_background=&#8220;off&#8220; padding_mobile=&#8220;off&#8220;][et_pb_row column_padding_mobile=&#8220;on&#8220; _builder_version=&#8220;3.0.47&#8243; background_size=&#8220;initial&#8220; background_position=&#8220;top_left&#8220; background_repeat=&#8220;repeat&#8220; custom_padding=&#8220;0|0px|30px|0px|false|false&#8220;][et_pb_column type=&#8220;4_4&#8243; _builder_version=&#8220;3.0.47&#8243; column_padding_mobile=&#8220;on&#8220; parallax=&#8220;off&#8220; parallax_method=&#8220;on&#8220;][et_pb_text _builder_version=&#8220;3.18.8&#8243; background_size=&#8220;initial&#8220; background_position=&#8220;top_left&#8220; background_repeat=&#8220;repeat&#8220; [&hellip;]<\/p>\n","protected":false},"author":1,"featured_media":0,"parent":0,"menu_order":0,"comment_status":"closed","ping_status":"closed","template":"","meta":{"_et_pb_use_builder":"on","_et_pb_old_content":""},"_links":{"self":[{"href":"https:\/\/www.rezeitkon.de\/wordpress\/wp-json\/wp\/v2\/pages\/1929"}],"collection":[{"href":"https:\/\/www.rezeitkon.de\/wordpress\/wp-json\/wp\/v2\/pages"}],"about":[{"href":"https:\/\/www.rezeitkon.de\/wordpress\/wp-json\/wp\/v2\/types\/page"}],"author":[{"embeddable":true,"href":"https:\/\/www.rezeitkon.de\/wordpress\/wp-json\/wp\/v2\/users\/1"}],"replies":[{"embeddable":true,"href":"https:\/\/www.rezeitkon.de\/wordpress\/wp-json\/wp\/v2\/comments?post=1929"}],"version-history":[{"count":73,"href":"https:\/\/www.rezeitkon.de\/wordpress\/wp-json\/wp\/v2\/pages\/1929\/revisions"}],"predecessor-version":[{"id":3058,"href":"https:\/\/www.rezeitkon.de\/wordpress\/wp-json\/wp\/v2\/pages\/1929\/revisions\/3058"}],"wp:attachment":[{"href":"https:\/\/www.rezeitkon.de\/wordpress\/wp-json\/wp\/v2\/media?parent=1929"}],"curies":[{"name":"wp","href":"https:\/\/api.w.org\/{rel}","templated":true}]}}